{"id":1164,"date":"2018-04-02T23:06:29","date_gmt":"2018-04-03T02:06:29","guid":{"rendered":"https:\/\/campuscastanhal.ufpa.br\/?page_id=1164"},"modified":"2018-05-02T08:38:24","modified_gmt":"2018-05-02T11:38:24","slug":"rede-sem-fio","status":"publish","type":"page","link":"https:\/\/campuscastanhal.ufpa.br\/?page_id=1164","title":{"rendered":"Rede sem Fio"},"content":{"rendered":"<p align=\"justify\"><img decoding=\"async\" loading=\"lazy\" class=\"size-full wp-image-1158 aligncenter\" src=\"https:\/\/campuscastanhal.ufpa.br\/wp-content\/uploads\/2018\/imagens\/03.marco\/imagem.png\" alt=\"\" width=\"550\" height=\"300\" \/><\/p>\n<p class=\"western\" style=\"text-align: justify;\" align=\"justify\">O Campus de Universit\u00e1rio de Castanhal disp\u00f5e do servi\u00e7o de Internet r\u00e1pida \u00e0 comunidade acad\u00eamica atrav\u00e9s da rede sem fio institucional. Em funcionamento desde Agosto de 2017, 11 modernos r\u00e1dios com capacidade total de 1Gbps foram instalados em pontos de maior circula\u00e7\u00e3o dos usu\u00e1rios cobrindo quase 100% do campus, beneficiando diretamente os discentes, docentes e t\u00e9cnicos administrativos que passam a ter acesso \u00e0 Internet de melhor qualidade, estimulando o ensino, pesquisa e extens\u00e3o na institui\u00e7\u00e3o.<\/p>\n<p class=\"western\" style=\"text-align: justify;\" align=\"justify\">H\u00e1 duas redes para acesso: a \u201cUFPA 2.0 &#8211; Institucional\u201d e a \u201ceduroam\u201d. Para acessar quaisquer uma das redes, o usu\u00e1rio dever\u00e1 primeiramente ativar sua conta institucional. <a href=\"https:\/\/campuscastanhal.ufpa.br\/wp-content\/uploads\/2018\/arquivospdf\/04.abril\/ativacao_conta_institucional.pdf\" target=\"_blank\" rel=\"noopener\">Clique aqui<\/a> para saber como.<\/p>\n<p class=\"western\" style=\"text-align: justify;\" align=\"justify\">Com a conta institucional criada, o segundo passo \u00e9 configurar seu aparelho (notebook, smartphone ou tablet).<\/p>\n<p class=\"western\" style=\"text-align: justify;\" align=\"justify\"><a href=\"https:\/\/wiki.ctic.ufpa.br\/index.php\/Categoria:Rede_sem_Fio\" target=\"_blank\" rel=\"noopener\">Clique aqui<\/a> para mais informa\u00e7\u00f5es sobre a rede \u201cUFPA 2.0 &#8211; Institucional\u201d e instru\u00e7\u00f5es para configura\u00e7\u00e3o.<\/p>\n<p class=\"western\" style=\"text-align: justify;\" align=\"justify\">Com a mesma conta, usu\u00e1rio tamb\u00e9m passa a ter acesso \u00e0 rede \u201ceduroam\u201d.<\/p>\n<p class=\"western\" style=\"text-align: justify;\" align=\"justify\"><a href=\"https:\/\/wiki.ctic.ufpa.br\/index.php\/Categoria:Rede_sem_Fio_Eduroam\" target=\"_blank\" rel=\"noopener\">Clique aqui<\/a> para mais informa\u00e7\u00f5es sobre essa rede e instru\u00e7\u00f5es para configura\u00e7\u00e3o.<\/p>\n<p class=\"western\" style=\"text-align: justify;\" align=\"justify\">Lembrando que as configura\u00e7\u00f5es s\u00e3o feitas apenas no primeiro acesso, a partir da\u00ed elas ficar\u00e3o salvas e seu aparelho conectar\u00e1 automaticamente toda vez que identificar uma das redes dispon\u00edveis.<\/p>\n","protected":false},"excerpt":{"rendered":"<p>O Campus de Universit\u00e1rio de Castanhal disp\u00f5e do servi\u00e7o de Internet r\u00e1pida \u00e0 comunidade acad\u00eamica atrav\u00e9s da rede sem fio institucional. Em funcionamento desde Agosto de 2017, 11 modernos r\u00e1dios com capacidade total de 1Gbps foram instalados em pontos de maior circula\u00e7\u00e3o dos usu\u00e1rios cobrindo quase 100% do campus, beneficiando diretamente os discentes, docentes e &hellip; <a href=\"https:\/\/campuscastanhal.ufpa.br\/?page_id=1164\">Continue reading <span class=\"meta-nav\">&rarr;<\/span><\/a><\/p>\n","protected":false},"author":2,"featured_media":0,"parent":0,"menu_order":0,"comment_status":"closed","ping_status":"closed","template":"","meta":{"_exactmetrics_skip_tracking":false,"_exactmetrics_sitenote_active":false,"_exactmetrics_sitenote_note":"","_exactmetrics_sitenote_category":0},"_links":{"self":[{"href":"https:\/\/campuscastanhal.ufpa.br\/index.php?rest_route=\/wp\/v2\/pages\/1164"}],"collection":[{"href":"https:\/\/campuscastanhal.ufpa.br\/index.php?rest_route=\/wp\/v2\/pages"}],"about":[{"href":"https:\/\/campuscastanhal.ufpa.br\/index.php?rest_route=\/wp\/v2\/types\/page"}],"author":[{"embeddable":true,"href":"https:\/\/campuscastanhal.ufpa.br\/index.php?rest_route=\/wp\/v2\/users\/2"}],"replies":[{"embeddable":true,"href":"https:\/\/campuscastanhal.ufpa.br\/index.php?rest_route=%2Fwp%2Fv2%2Fcomments&post=1164"}],"version-history":[{"count":5,"href":"https:\/\/campuscastanhal.ufpa.br\/index.php?rest_route=\/wp\/v2\/pages\/1164\/revisions"}],"predecessor-version":[{"id":1243,"href":"https:\/\/campuscastanhal.ufpa.br\/index.php?rest_route=\/wp\/v2\/pages\/1164\/revisions\/1243"}],"wp:attachment":[{"href":"https:\/\/campuscastanhal.ufpa.br\/index.php?rest_route=%2Fwp%2Fv2%2Fmedia&parent=1164"}],"curies":[{"name":"wp","href":"https:\/\/api.w.org\/{rel}","templated":true}]}}