{"id":1327,"date":"2018-05-20T11:06:38","date_gmt":"2018-05-20T14:06:38","guid":{"rendered":"https:\/\/campuscastanhal.ufpa.br\/?page_id=1327"},"modified":"2023-03-28T13:29:56","modified_gmt":"2023-03-28T16:29:56","slug":"coordenadoria-de-infraestrutura","status":"publish","type":"page","link":"https:\/\/campuscastanhal.ufpa.br\/?page_id=1327","title":{"rendered":"Coordenadoria de Infraestrutura"},"content":{"rendered":"<p><strong>Coordenador:<\/strong> M\u00e1rcia Cristina Trindade<\/p>\n<p><strong>E-mail:<\/strong> mctrindade@ufpa.br<\/p>\n<p><strong>Telefone:<\/strong> (91) 3311-4629<\/p>\n<p>Instru\u00e7\u00f5es para reserva de espa\u00e7os e ve\u00edculos: <strong><a href=\"http:\/\/campuscastanhal.ufpa.br\/wp-content\/uploads\/2023\/arquivos\/Circular_RESERVAS.pdf\" target=\"_blank\" rel=\"noopener\">clique aqui<\/a><\/strong>.<\/p>\n","protected":false},"excerpt":{"rendered":"<p>Coordenador: M\u00e1rcia Cristina Trindade E-mail: mctrindade@ufpa.br Telefone: (91) 3311-4629 Instru\u00e7\u00f5es para reserva de espa\u00e7os e ve\u00edculos: clique aqui.<\/p>\n","protected":false},"author":2,"featured_media":0,"parent":0,"menu_order":0,"comment_status":"closed","ping_status":"closed","template":"","meta":{"_exactmetrics_skip_tracking":false,"_exactmetrics_sitenote_active":false,"_exactmetrics_sitenote_note":"","_exactmetrics_sitenote_category":0},"_links":{"self":[{"href":"https:\/\/campuscastanhal.ufpa.br\/index.php?rest_route=\/wp\/v2\/pages\/1327"}],"collection":[{"href":"https:\/\/campuscastanhal.ufpa.br\/index.php?rest_route=\/wp\/v2\/pages"}],"about":[{"href":"https:\/\/campuscastanhal.ufpa.br\/index.php?rest_route=\/wp\/v2\/types\/page"}],"author":[{"embeddable":true,"href":"https:\/\/campuscastanhal.ufpa.br\/index.php?rest_route=\/wp\/v2\/users\/2"}],"replies":[{"embeddable":true,"href":"https:\/\/campuscastanhal.ufpa.br\/index.php?rest_route=%2Fwp%2Fv2%2Fcomments&post=1327"}],"version-history":[{"count":5,"href":"https:\/\/campuscastanhal.ufpa.br\/index.php?rest_route=\/wp\/v2\/pages\/1327\/revisions"}],"predecessor-version":[{"id":5745,"href":"https:\/\/campuscastanhal.ufpa.br\/index.php?rest_route=\/wp\/v2\/pages\/1327\/revisions\/5745"}],"wp:attachment":[{"href":"https:\/\/campuscastanhal.ufpa.br\/index.php?rest_route=%2Fwp%2Fv2%2Fmedia&parent=1327"}],"curies":[{"name":"wp","href":"https:\/\/api.w.org\/{rel}","templated":true}]}}