{"id":149,"date":"2017-07-18T11:33:17","date_gmt":"2017-07-18T14:33:17","guid":{"rendered":"http:\/\/127.0.0.1\/UFPA\/?page_id=149"},"modified":"2025-03-20T12:54:38","modified_gmt":"2025-03-20T15:54:38","slug":"educacao-fisica","status":"publish","type":"page","link":"https:\/\/campuscastanhal.ufpa.br\/?page_id=149","title":{"rendered":"Faculdade de Educa\u00e7\u00e3o F\u00edsica"},"content":{"rendered":"<ul class=\"nav2 nav-tabs nav-justified\" style=\"margin-left: 0px !important;\">\n<li class=\"active\" role=\"presentation\"><a>Hist\u00f3rico<\/a><\/li>\n<li role=\"presentation\"><a>Caracter\u00edsticas<\/a><\/li>\n<li role=\"presentation\"><a>Dire\u00e7\u00e3o<\/a><\/li>\n<li role=\"presentation\"><a>Docentes e T\u00e9cnicos<\/a><\/li>\n<li role=\"presentation\"><a>Infraestrutura<\/a><\/li>\n<\/ul>\n<p><!-- AQUI VAI O HIST\u00d3RICO --><\/p>\n<div class=\"A\" style=\"text-align: justify;\"><strong>Hist\u00f3rico:<\/strong><br \/>\nO Curso de Licenciatura em Educa\u00e7\u00e3o F\u00edsica do Campus Universit\u00e1rio de Castanhal (CUNCAST) da Universidade Federal do Par\u00e1 (UFPA) teve in\u00edcio no ano 2000. Foi idealizado pelos docentes do Departamento de Educa\u00e7\u00e3o F\u00edsica do Campus Universit\u00e1rio do Guam\u00e1 da UFPA. Por conta da parceria firmada entre a UFPA e a Prefeitura do Munic\u00edpio de Castanhal, o curso foi instalado no Campus Castanhal, tornando-se o primeiro curso de Educa\u00e7\u00e3o F\u00edsica ofertado pela Institui\u00e7\u00e3o.Por se tratar de uma Cidade Polo na Regi\u00e3o Nordeste do Par\u00e1, o Campus de Castanhal recebe universit\u00e1rios de uma variedade de munic\u00edpios pr\u00f3ximos, inclusive da capital Bel\u00e9m. O Curso de Licenciatura em Educa\u00e7\u00e3o F\u00edsica est\u00e1 regido pela Resolu\u00e7\u00e3o n\u00ba 3042\/2003\/CONSEPE\/UFPA. Para consultar o PPC aprovado em 2010, clique\u00a0<a href=\"https:\/\/heyzine.com\/flip-book\/da8538529b.html\" target=\"_blank\" rel=\"noopener\"><strong>aqui<\/strong><\/a>.<\/p>\n<p>No ano de 2023, ap\u00f3s um longo per\u00edodo de debate envolvendo a comunidade acad\u00eamica, foram aprovados os novos Projetos Pedag\u00f3gicos de Licenciatura e Bacharelado. A estrutura dos PPCs est\u00e1 em conson\u00e2ncia com a Resolu\u00e7\u00e3o\/CNE\/CES n\u00ba 06, de 18 de dezembro 2018, que institui as Diretrizes Curriculares Nacionais dos Cursos de Gradua\u00e7\u00e3o em Educa\u00e7\u00e3o F\u00edsica, a Resolu\u00e7\u00e3o n\u00ba 2 de 20 de dezembro de 2019 e outras legisla\u00e7\u00f5es pertinentes.<\/p>\n<p>Nessa nova organiza\u00e7\u00e3o curricular, h\u00e1 uma etapa comum, uma etapa espec\u00edfica para a forma\u00e7\u00e3o em um dos graus e uma etapa para a forma\u00e7\u00e3o em ambos os graus &#8211; Bacharelado e Licenciatura. O curso ter\u00e1 uma \u00fanica entrada por meio da \u00c1rea B\u00e1sica de Ingresso (ABI), proporcionando ao estudante a possibilidade de escolher uma das tr\u00eas op\u00e7\u00f5es de forma\u00e7\u00e3o ao final do quarto semestre letivo.<\/p>\n<p>Para consultar o PPC de Licenciatura aprovado em 2023, clique <a href=\"https:\/\/heyzine.com\/flip-book\/d9a4c74198.html\" target=\"_blank\" rel=\"noopener\"><strong>aqui<\/strong><\/a><strong>.<\/strong><br \/>\nPara consultar o PPC de Bacharelado aprovado em 2023, clique <strong><a href=\"https:\/\/heyzine.com\/flip-book\/3c09def0c3.html\" target=\"_blank\" rel=\"noopener\">aqui<\/a>.<\/strong><br \/>\nPara consultar a Resolu\u00e7\u00e3o n\u00ba 5620, que aprova o PPC do Curso de Licenciatura em Educa\u00e7\u00e3o F\u00edsica, clique <strong><a href=\"https:\/\/heyzine.com\/flip-book\/abdd30bc43.html\" target=\"_blank\" rel=\"noopener\">aqui<\/a><\/strong>.<br \/>\nPara consultar a Resolu\u00e7\u00e3o n\u00ba 5621, que aprova o PPC do Curso de Bacharel em Educa\u00e7\u00e3o F\u00edsica, clique <strong><a href=\"https:\/\/heyzine.com\/flip-book\/bdf40b1889.html\" target=\"_blank\" rel=\"noopener\">aqui<\/a><\/strong>.<br \/>\nPara consultar o Regimento da Faculdade de Educa\u00e7\u00e3o F\u00edsica, aprovado em 2024, clique <a href=\"https:\/\/heyzine.com\/flip-book\/2708e1d40f.html\" target=\"_blank\" rel=\"noopener\"><strong>aqui<\/strong><\/a>.<\/p>\n<\/div>\n<div><\/div>\n<div class=\"B\"><strong> Caracter\u00edsticas gerais do curso:<\/strong><br \/>\n\u2022 Forma de ingresso: via processo seletivo anual (vestibular)<br \/>\n\u2022 N\u00famero de vagas ofertadas: 80 vagas (duas entradas: 2\u00ba e 4\u00ba per\u00edodos)<br \/>\n\u2022 Turnos de funcionamento: integral<br \/>\n\u2022 Modalidade de oferta: presencial<br \/>\n\u2022 Habilita\u00e7\u00e3o: Licenciatura<br \/>\n\u2022 T\u00edtulo conferido: Licenciado(a) em Educa\u00e7\u00e3o F\u00edsica<br \/>\n\u2022 Local de oferta: UFPA &#8211; Campus Universit\u00e1rio de Castanhal<br \/>\n\u2022 Dura\u00e7\u00e3o: m\u00ednimo de 8 semestres e m\u00e1ximo de 12 semestres<br \/>\n\u2022 Carga hor\u00e1ria: 3.040h<br \/>\n\u2022 Per\u00edodo de funcionamento: extensivo<br \/>\n\u2022 Regime acad\u00eamico: por atividades curriculares<br \/>\n\u2022 Formas de organiza\u00e7\u00e3o das atividades: paralela e modular.<\/div>\n<div class=\"B\" style=\"text-align: justify;\"><strong><br \/>\nPerfil do profissional egresso:<\/strong><br \/>\nUm profissional com habilidades e compet\u00eancias para intervir em todas as dimens\u00f5es de seu campo, o que sup\u00f5e pleno dom\u00ednio da natureza do conhecimento da Educa\u00e7\u00e3o F\u00edsica e das pr\u00e1ticas essenciais de sua produ\u00e7\u00e3o e socializa\u00e7\u00e3o e de compet\u00eancias t\u00e9cnico-instrumental a partir de uma atitude cr\u00edtico-reflexiva.<\/div>\n<div class=\"B\" style=\"text-align: justify;\"><strong><br \/>\nObjetivo do Curso:<\/strong><br \/>\nFormar professores de Educa\u00e7\u00e3o F\u00edsica com ampla e s\u00f3lida compet\u00eancia te\u00f3rica, pr\u00e1tica e sociopol\u00edtica, comprometida com o processo de humaniza\u00e7\u00e3o do ser humano, consciente de seu papel como participante transformador da realidade do ensino formal da educa\u00e7\u00e3o brasileira.<\/div>\n<div class=\"B\"><strong><br \/>\nReconhecimento do Curso:<\/strong><br \/>\nResolu\u00e7\u00e3o CONSEPE n\u00ba 2664, de 16\/09\/1999, publicada em 16\/09\/1999;<br \/>\nPortaria de Reconhecimento do MEC n\u00ba 3799, de 17\/11\/2004, publicada em 18\/11\/2004.<br \/>\nProjeto Pedag\u00f3gico do Curso, aprovado em setembro de 2010: clique <a href=\"http:\/\/campuscastanhal.ufpa.br\/wp-content\/uploads\/2021\/arquivos\/PPC_EDUCACAO_FISICA_AUTENTICADO.pdf\" target=\"_blank\" rel=\"noopener\"><strong>aqui<\/strong><\/a>.<\/div>\n<div class=\"B\">\n<p style=\"text-align: justify;\"><strong><br \/>\nAvalia\u00e7\u00f5es do MEC:<\/strong><br \/>\nO curso de Licenciatura em Educa\u00e7\u00e3o F\u00edsica passou pelas seguintes avalia\u00e7\u00f5es externas:<br \/>\nConceito 4 no ENADE 2007<br \/>\nConceito Preliminar de Curso 4 (INEP, 2007)<\/p>\n<p style=\"text-align: justify;\"><strong>PARFOR Educa\u00e7\u00e3o F\u00edsica: <\/strong><br \/>\nO Curso de Licenciatura em Educa\u00e7\u00e3o F\u00edsica, adaptado para o Plano Nacional de Forma\u00e7\u00e3o de Professores da Educa\u00e7\u00e3o B\u00e1sica (PARFOR) tem como objetivo formar o profissional para o exerc\u00edcio da doc\u00eancia na Educa\u00e7\u00e3o Infantil, Ensino Fundamental, Ensino M\u00e9dio, Educa\u00e7\u00e3o de Jovens e Adultos, Educa\u00e7\u00e3o Profissional e Educa\u00e7\u00e3o Especial, em contextos escolares e n\u00e3o escolares.<br \/>\nFunciona em turno integral, per\u00edodo letivo intensivo, em regime acad\u00eamico seriado e sob a forma de oferta modular e paralela das atividade curriculares. Conhe\u00e7a mais sobre o Projeto Pedag\u00f3gico do Curso de Licenciatura em Educa\u00e7\u00e3o F\u00edsica\/ PARFOR, clicando na <a href=\"http:\/\/www.ppc.proeg.ufpa.br\/view\/_paginas\/_downloadAnexoProjeto.php?id=238&amp;idProjeto=40\" target=\"_blank\" rel=\"noopener\"><strong>Resolu\u00e7\u00e3o N\u00ba 4.662<\/strong><\/a>.<\/p>\n<p>Coordena\u00e7\u00e3o do Curso PARFOR Educa\u00e7\u00e3o F\u00edsica &#8211; Profa. Dra. Darin\u00eaz de Lima Concei\u00e7\u00e3o<\/p>\n<p><strong>Equipe de Secretaria:<\/strong><br \/>\nBolsista &#8211; Gustavo Silva Ribeiro<br \/>\nContato: (091) 3311-4612<\/p>\n<\/div>\n<div class=\"C\"><strong>Coordena\u00e7\u00e3o da Faculdade<\/strong><br \/>\nDire\u00e7\u00e3o: Prof. Dr. Marcelo Pereira de Almeida Ferreira (Marcelo &#8220;Russo&#8221; Ferreira)<\/div>\n<div class=\"C\">e-mail marcelopaf@ufpa.br<\/div>\n<div class=\"C\">\nVice-Dire\u00e7\u00e3o: Profa. Dra. Renata Vivi Cordeiro<\/div>\n<div class=\"C\">e-mail: renatavivi6@hotmail.com<\/div>\n<div><\/div>\n<div class=\"C\">Contato: (091) 3311-4611<br \/>\nSecret\u00e1ria: <span style=\"font-weight: 400;\">Josiane Queiroz Martins Xavier Silveira\u00a0<\/span><br \/>\nE-mail: fefcastanhal@ufpa.br<\/div>\n<div class=\"D\">\n\n<table id=\"tablepress-5\" class=\"tablepress tablepress-id-5\">\n<thead>\n<tr class=\"row-1 odd\">\n\t<th class=\"column-1\">Docentes<\/th><th class=\"column-2\">Titula\u00e7\u00e3o<\/th><th class=\"column-3\">Fun\u00e7\u00e3o<\/th><th class=\"column-4\">V\u00ednculo<\/th><th class=\"column-5\">CH\/Dedica\u00e7\u00e3o Exclusiva<\/th><th class=\"column-6\">Curriculo Lattes<\/th>\n<\/tr>\n<\/thead>\n<tbody class=\"row-hover\">\n<tr class=\"row-2 even\">\n\t<td class=\"column-1\">Antonio Valdir Monteiro Duarte<\/td><td class=\"column-2\">Doutor<\/td><td class=\"column-3\">Professor<\/td><td class=\"column-4\">Efetivo<\/td><td class=\"column-5\">40H - Dedica\u00e7\u00e3o Exclusiva<\/td><td class=\"column-6\"><a href=\"http:\/\/lattes.cnpq.br\/6896818884896562\" target=\"_blank\" rel=\"noopener\">Lattes<\/a><\/td>\n<\/tr>\n<tr class=\"row-3 odd\">\n\t<td class=\"column-1\">Dalva de C\u00e1ssia Sampaio dos Santos<\/td><td class=\"column-2\">Doutora<\/td><td class=\"column-3\">Professora<\/td><td class=\"column-4\">Efetivo<\/td><td class=\"column-5\">40H - Dedica\u00e7\u00e3o Exclusiva<\/td><td class=\"column-6\"><a href=\"http:\/\/lattes.cnpq.br\/1057819021417873\" target=\"_blank\" rel=\"noopener\">Lattes<\/a><\/td>\n<\/tr>\n<tr class=\"row-4 even\">\n\t<td class=\"column-1\">Daniel Alvarez Pires<\/td><td class=\"column-2\">Doutor<\/td><td class=\"column-3\">Professor<br \/>\n<\/td><td class=\"column-4\">Efetivo<\/td><td class=\"column-5\">40H - Dedica\u00e7\u00e3o Exclusiva<\/td><td class=\"column-6\"><a href=\"http:\/\/lattes.cnpq.br\/4487383675643868\" target=\"_blank\" rel=\"noopener\">Lattes<\/a><\/td>\n<\/tr>\n<tr class=\"row-5 odd\">\n\t<td class=\"column-1\">Darinez Lima Concei\u00e7\u00e3o<\/td><td class=\"column-2\">Doutora<\/td><td class=\"column-3\">Professora<\/td><td class=\"column-4\">Efetivo<\/td><td class=\"column-5\">40H - Dedica\u00e7\u00e3o Exclusiva<\/td><td class=\"column-6\"><a href=\"http:\/\/lattes.cnpq.br\/0079505725456922\" target=\"_blank\" rel=\"noopener\">Lattes<\/a><\/td>\n<\/tr>\n<tr class=\"row-6 even\">\n\t<td class=\"column-1\">Eduardo Macedo Penna<\/td><td class=\"column-2\">Doutor<\/td><td class=\"column-3\">Professor<\/td><td class=\"column-4\">Efetivo<\/td><td class=\"column-5\">40H - Dedica\u00e7\u00e3o Exclusiva<\/td><td class=\"column-6\"><a href=\"http:\/\/lattes.cnpq.br\/3746450308327976\" target=\"_blank\" rel=\"noopener\">Lattes<\/a><\/td>\n<\/tr>\n<tr class=\"row-7 odd\">\n\t<td class=\"column-1\">Elren Passos Monteiro<\/td><td class=\"column-2\">Doutora<\/td><td class=\"column-3\">Professora <\/td><td class=\"column-4\">Efetivo<\/td><td class=\"column-5\">40H - Dedica\u00e7\u00e3o Exclusiva<\/td><td class=\"column-6\"><a href=\"http:\/\/lattes.cnpq.br\/0920248966438368\" target=\"_blank\" rel=\"noopener\">Lattes<\/a><\/td>\n<\/tr>\n<tr class=\"row-8 even\">\n\t<td class=\"column-1\">Elton Vinicius Oliveira de Sousa<\/td><td class=\"column-2\">Mestre<\/td><td class=\"column-3\">Professor<\/td><td class=\"column-4\">Efetivo<\/td><td class=\"column-5\">40H - Dedica\u00e7\u00e3o Exclusiva<\/td><td class=\"column-6\"><a href=\"http:\/\/lattes.cnpq.br\/7375639928606355\" target=\"_blank\" rel=\"noopener\">Lattes<\/a><\/td>\n<\/tr>\n<tr class=\"row-9 odd\">\n\t<td class=\"column-1\">Euz\u00e9bio Oliveira<\/td><td class=\"column-2\">Doutor<\/td><td class=\"column-3\">Professor<\/td><td class=\"column-4\">Efetivo<\/td><td class=\"column-5\">40H - Dedica\u00e7\u00e3o Exclusiva<\/td><td class=\"column-6\"><a href=\"http:\/\/lattes.cnpq.br\/1807260041420782\" target=\"_blank\" rel=\"noopener\">Lattes<\/a><\/td>\n<\/tr>\n<tr class=\"row-10 even\">\n\t<td class=\"column-1\">Gustavo Maneshy Montenegro<\/td><td class=\"column-2\">Doutor<\/td><td class=\"column-3\">Professor<\/td><td class=\"column-4\">Efetivo<\/td><td class=\"column-5\">40H - Dedica\u00e7\u00e3o Exclusiva<\/td><td class=\"column-6\"><a href=\"http:\/\/lattes.cnpq.br\/9623409607452966\" target=\"_blank\" rel=\"noopener\">Lattes<\/a><\/td>\n<\/tr>\n<tr class=\"row-11 odd\">\n\t<td class=\"column-1\">Josaf\u00e1 Gon\u00e7alves Barreto  <\/td><td class=\"column-2\">Doutor<\/td><td class=\"column-3\">Professor<\/td><td class=\"column-4\">Efetivo<\/td><td class=\"column-5\">40H - Dedica\u00e7\u00e3o Exclusiva<\/td><td class=\"column-6\"><a href=\"http:\/\/lattes.cnpq.br\/1894551542259862\" target=\"_blank\" rel=\"noopener\">Lattes<\/a><\/td>\n<\/tr>\n<tr class=\"row-12 even\">\n\t<td class=\"column-1\">Jucil\u00e9ia Barbosa Bezerra<\/td><td class=\"column-2\">Doutora<\/td><td class=\"column-3\">Professora<\/td><td class=\"column-4\">Efetivo<\/td><td class=\"column-5\">40H - Dedica\u00e7\u00e3o Exclusiva<\/td><td class=\"column-6\"><a href=\"http:\/\/lattes.cnpq.br\/2275161611270650\" target=\"_blank\" rel=\"noopener\">Lattes<\/a><\/td>\n<\/tr>\n<tr class=\"row-13 odd\">\n\t<td class=\"column-1\">Lilian Silva de Sales<\/td><td class=\"column-2\">Doutora<\/td><td class=\"column-3\">Professora<\/td><td class=\"column-4\">Efetivo<\/td><td class=\"column-5\">40H - Dedica\u00e7\u00e3o Exclusiva<\/td><td class=\"column-6\"><a href=\"http:\/\/lattes.cnpq.br\/8980332204773330\" target=\"_blank\" rel=\"noopener\">Lattes<\/a><\/td>\n<\/tr>\n<tr class=\"row-14 even\">\n\t<td class=\"column-1\">Marcelo Pereira de Almeida Ferreira<\/td><td class=\"column-2\">Doutor<\/td><td class=\"column-3\">Professor<\/td><td class=\"column-4\">Efetivo<\/td><td class=\"column-5\">40H - Dedica\u00e7\u00e3o Exclusiva<\/td><td class=\"column-6\"><a href=\"http:\/\/lattes.cnpq.br\/3477673236492131\" target=\"_blank\" rel=\"noopener\">Lattes<\/a><\/td>\n<\/tr>\n<tr class=\"row-15 odd\">\n\t<td class=\"column-1\">Ot\u00e1vio Luiz Pinheiro Aranha  <\/td><td class=\"column-2\">Doutor<\/td><td class=\"column-3\">Professor<\/td><td class=\"column-4\">Efetivo<\/td><td class=\"column-5\">40H - Dedica\u00e7\u00e3o Exclusiva<\/td><td class=\"column-6\"><a href=\"http:\/\/lattes.cnpq.br\/6144612683784198\" target=\"_blank\" rel=\"noopener\">Lattes<\/a><\/td>\n<\/tr>\n<tr class=\"row-16 even\">\n\t<td class=\"column-1\">Pedro Paulo Souza Brand\u00e3o<\/td><td class=\"column-2\">Doutor<\/td><td class=\"column-3\">Professor<\/td><td class=\"column-4\">Efetivo<\/td><td class=\"column-5\">40H\/Dedica\u00e7\u00e3o <br \/>\nExclusiva<\/td><td class=\"column-6\"><a href=\"http:\/\/lattes.cnpq.br\/8534988031003758\" target=\"_blank\" rel=\"noopener\">Lattes<\/a><\/td>\n<\/tr>\n<tr class=\"row-17 odd\">\n\t<td class=\"column-1\">Renata Vivi Cordeiro<\/td><td class=\"column-2\">Doutora<\/td><td class=\"column-3\">Professora<\/td><td class=\"column-4\">Efetivo<\/td><td class=\"column-5\">40H - Dedica\u00e7\u00e3o Exclusiva<\/td><td class=\"column-6\"><a href=\"http:\/\/lattes.cnpq.br\/8378237704314704\" target=\"_blank\" rel=\"noopener\">Lattes<\/a><\/td>\n<\/tr>\n<tr class=\"row-18 even\">\n\t<td class=\"column-1\">S\u00e9rgio Eduardo Nassar<\/td><td class=\"column-2\">Doutor<\/td><td class=\"column-3\">Professor<\/td><td class=\"column-4\">Efetivo<\/td><td class=\"column-5\">40H - Dedica\u00e7\u00e3o Exclusiva<\/td><td class=\"column-6\"><a href=\"http:\/\/lattes.cnpq.br\/3066738195459439\" target=\"_blank\" rel=\"noopener\">Lattes<\/a><\/td>\n<\/tr>\n<tr class=\"row-19 odd\">\n\t<td class=\"column-1\">Su\u00e9len Merlo<\/td><td class=\"column-2\">Doutora<\/td><td class=\"column-3\">Professora<\/td><td class=\"column-4\">Efetivo<\/td><td class=\"column-5\">40H - Dedica\u00e7\u00e3o Exclusiva<\/td><td class=\"column-6\"><a href=\"http:\/\/lattes.cnpq.br\/5225903181921572\" target=\"_blank\" rel=\"noopener\">Lattes<\/a><\/td>\n<\/tr>\n<tr class=\"row-20 even\">\n\t<td class=\"column-1\">Josiane Queiroz Martins Xavier Silveira<\/td><td class=\"column-2\"><\/td><td class=\"column-3\">T\u00e9cnica- Administrativa<\/td><td class=\"column-4\"><\/td><td class=\"column-5\"><\/td><td class=\"column-6\"><\/td>\n<\/tr>\n<\/tbody>\n<\/table>\n<!-- #tablepress-5 from cache -->\n<\/div>\n<div class=\"E\" style=\"text-align: justify;\"><strong>Infraestrutura<\/strong><br \/>\nO LABIOQNEF \u2013 Laborat\u00f3rio de Bioqu\u00edmica, Nutri\u00e7\u00e3o e Fisiologia da Faculdade de Educa\u00e7\u00e3o F\u00edsica, est\u00e1 subdividido em dois Laborat\u00f3rios: Laborat\u00f3rio de Avalia\u00e7\u00e3o F\u00edsica e Laborat\u00f3rio de Microscopia. Ambos s\u00e3o totalmente equipados com microsc\u00f3pios, banco de wells, frequ\u00eanc\u00edmetros, estadi\u00f4metros, adip\u00f4metros, balan\u00e7a entre outros.<\/div>\n<div class=\"E\" style=\"text-align: justify;\">\u2022 <strong>Sala de dan\u00e7a e express\u00e3o corporal<\/strong> \u2013 equipada com materiais para aulas de dan\u00e7a r\u00edtmica e gin\u00e1sticas, tais como: bola su\u00ed\u00e7a, cordas, arcos, massas, colchonetes, som, espelhos, barras de apoio, entre outros.<br \/>\n\u2022 <strong>Sala de muscula\u00e7\u00e3o<\/strong> \u2013 devidamente equipada com equipamentos de muscula\u00e7\u00e3o, halteres, esteiras e bicicletas ergom\u00e9tricas.<br \/>\n\u2022 <strong>Sala de lutas<\/strong> \u2013 apropriada para as aulas de lutas e outras atividades de express\u00e3o corporal.<br \/>\n\u2022 <strong>Gin\u00e1sio poliesportivo<\/strong> \u2013 gin\u00e1sio coberto para a viv\u00eancia de todas as modalidades esportivas e outras atividades.<br \/>\n\u2022 <strong>Materiais dispon\u00edveis<\/strong>: bolas de todas as modalidades esportivas, bolas de inicia\u00e7\u00e3o, redes, raquetes de t\u00eanis de campo e t\u00eanis de mesa, entre outros.<br \/>\n\u2022 <strong>Quadra de areia<\/strong> \u2013 para a pr\u00e1tica de v\u00f4lei de areia, futev\u00f4lei entre outras atividades.<br \/>\n\u2022 <strong>Piscina semiol\u00edmpica<\/strong> \u2013 piscina de 25 metros para pr\u00e1tica de nata\u00e7\u00e3o e atividades aqu\u00e1ticas. Materiais dispon\u00edveis: pranchas, espaguetes, halteres, brinquedos aqu\u00e1ticos, coletes e demais flutuadores.<br \/>\n\u2022 <strong>Vesti\u00e1rios masculino e feminino<\/strong> \u2013 Equipados com chuveiros.<br \/>\n\u2022 Projeto Pedag\u00f3gico do Curso de Educa\u00e7\u00e3o F\u00edsica. Clique <strong><a href=\"https:\/\/campuscastanhal.ufpa.br\/wp-content\/uploads\/2021\/arquivos\/PPC_EDUCACAO_FISICA_2010.pdf\" target=\"_blank\" rel=\"noopener\">aqui<\/a><\/strong>.<\/div>\n","protected":false},"excerpt":{"rendered":"<p>Hist\u00f3rico Caracter\u00edsticas Dire\u00e7\u00e3o Docentes e T\u00e9cnicos Infraestrutura Hist\u00f3rico: O Curso de Licenciatura em Educa\u00e7\u00e3o F\u00edsica do Campus Universit\u00e1rio de Castanhal (CUNCAST) da Universidade Federal do Par\u00e1 (UFPA) teve in\u00edcio no ano 2000. Foi idealizado pelos docentes do Departamento de Educa\u00e7\u00e3o F\u00edsica do Campus Universit\u00e1rio do Guam\u00e1 da UFPA. Por conta da parceria firmada entre a &hellip; <a href=\"https:\/\/campuscastanhal.ufpa.br\/?page_id=149\">Continue reading <span class=\"meta-nav\">&rarr;<\/span><\/a><\/p>\n","protected":false},"author":2,"featured_media":0,"parent":0,"menu_order":0,"comment_status":"closed","ping_status":"closed","template":"","meta":{"_exactmetrics_skip_tracking":false,"_exactmetrics_sitenote_active":false,"_exactmetrics_sitenote_note":"","_exactmetrics_sitenote_category":0},"_links":{"self":[{"href":"https:\/\/campuscastanhal.ufpa.br\/index.php?rest_route=\/wp\/v2\/pages\/149"}],"collection":[{"href":"https:\/\/campuscastanhal.ufpa.br\/index.php?rest_route=\/wp\/v2\/pages"}],"about":[{"href":"https:\/\/campuscastanhal.ufpa.br\/index.php?rest_route=\/wp\/v2\/types\/page"}],"author":[{"embeddable":true,"href":"https:\/\/campuscastanhal.ufpa.br\/index.php?rest_route=\/wp\/v2\/users\/2"}],"replies":[{"embeddable":true,"href":"https:\/\/campuscastanhal.ufpa.br\/index.php?rest_route=%2Fwp%2Fv2%2Fcomments&post=149"}],"version-history":[{"count":58,"href":"https:\/\/campuscastanhal.ufpa.br\/index.php?rest_route=\/wp\/v2\/pages\/149\/revisions"}],"predecessor-version":[{"id":7218,"href":"https:\/\/campuscastanhal.ufpa.br\/index.php?rest_route=\/wp\/v2\/pages\/149\/revisions\/7218"}],"wp:attachment":[{"href":"https:\/\/campuscastanhal.ufpa.br\/index.php?rest_route=%2Fwp%2Fv2%2Fmedia&parent=149"}],"curies":[{"name":"wp","href":"https:\/\/api.w.org\/{rel}","templated":true}]}}