{"id":158,"date":"2017-07-18T11:42:31","date_gmt":"2017-07-18T14:42:31","guid":{"rendered":"http:\/\/127.0.0.1\/UFPA\/?page_id=158"},"modified":"2026-03-03T13:13:44","modified_gmt":"2026-03-03T16:13:44","slug":"matematica","status":"publish","type":"page","link":"https:\/\/campuscastanhal.ufpa.br\/?page_id=158","title":{"rendered":"Faculdade de Matem\u00e1tica"},"content":{"rendered":"<ul class=\"nav2 nav-tabs nav-justified\" style=\"margin-left: 0px !important;\">\n<li class=\"active\" role=\"presentation\"><a>Hist\u00f3rico<\/a><\/li>\n<li role=\"presentation\"><a>Caracter\u00edsticas<\/a><\/li>\n<li role=\"presentation\"><a>Dire\u00e7\u00e3o<\/a><\/li>\n<li role=\"presentation\"><a>Docentes e T\u00e9cnicos<\/a><\/li>\n<li role=\"presentation\"><a>Infraestrutura<\/a><\/li>\n<\/ul>\n<p><!-- AQUI VAI O HIST\u00d3RICO --><\/p>\n<div class=\"A\" style=\"text-align: justify;\">\n<p><strong>Hist\u00f3rico:<\/strong><\/p>\n<p>Os Cursos de Matem\u00e1tica da UFPA surgiram na Faculdade de Filosofia, Ci\u00eancias e Letras do Par\u00e1, em 04\/05\/1954, criados pelo Decreto presidencial n\u00ba 35.456, e reconhecido pela portaria N\u00ba 721-MEC. Em 1971, o Curso de Licenciatura passou a fazer parte do Centro de Ci\u00eancias Exatas e Naturais e em 1987, com a Interioriza\u00e7\u00e3o da UFPA, os cursos de Licenciatura foram ofertados em v\u00e1rios Munic\u00edpios do Estado, dentre eles Castanhal. A partir de 1997, o curso de Licenciatura Plena em Matem\u00e1tica do Campus de Castanhal passou a ter corpo docente pr\u00f3prio, contando hoje com 14 (quatorze) professores (10 doutores e 04 mestres), em regime de Dedica\u00e7\u00e3o Exclusiva, que tamb\u00e9m atuam e em outros cursos do Campus, manuten\u00e7\u00e3o de turma de Matem\u00e1tica em Capanema-PA, cursos de Atualiza\u00e7\u00e3o Universit\u00e1ria, Especializa\u00e7\u00e3o Lato Sensu e Stricto Sensu com o Curso de Mestrado P\u00f3s-Gradua\u00e7\u00e3o em Matem\u00e1tica em Rede Nacional (PROFMAT).<\/p>\n<p>Nesse sentido, a Faculdade de Matem\u00e1tica tem propiciado consider\u00e1vel oferta aos estudantes de Castanhal e munic\u00edpios vizinhos, assim como, forma\u00e7\u00e3o continuada, contribuindo para o desenvolvimento da Regi\u00e3o. A localiza\u00e7\u00e3o do Campus de Castanhal \u00e9, portanto, estrat\u00e9gica na forma\u00e7\u00e3o acad\u00eamica para desenvolvimento de todas as mesorregi\u00f5es pr\u00f3ximas e o curso de Licenciatura em Matem\u00e1tica do Campus \u00e9 respons\u00e1vel pelo fomento cont\u00ednuo desses profissionais a dezenas de cidades e com a gratuidade de institui\u00e7\u00f5es p\u00fablicas federais.<\/p>\n<p>Hoje, a Faculdade de Matem\u00e1tica atende a 335 alunos no Curso de Licenciatura Plena em Matem\u00e1tica do Campus Universit\u00e1rio de Castanhal, localizado na Regi\u00e3o Nordeste do Estado do Par\u00e1, al\u00e9m de atender 15 alunos do PROFMAT.<\/p>\n<\/div>\n<div class=\"B\">\n<p><strong>Objetivo do Curso:<\/strong><\/p>\n<p style=\"text-align: justify;\">Qualificar o profissional professor de Matem\u00e1tica para al\u00e9m da compet\u00eancia t\u00e9cnica, capaz de assumir-se como agente transformador e provocador de mudan\u00e7as nos contextos local e global, privilegiando a pluralidade de conhecimentos te\u00f3ricos e pr\u00e1ticos que servir\u00e3o de base para o desenvolvimento de seu exerc\u00edcio profissional.<\/p>\n<p style=\"text-align: justify;\"><strong>Perfil do Egresso:<\/strong><br \/>\nO egresso do Curso de Licenciatura em Matem\u00e1tica deve ser um profissional apto a atuar como docente nos N\u00edveis Fundamental e M\u00e9dio do Ensino B\u00e1sico, bem com, na modalidade Educa\u00e7\u00e3o de Jovens e Adultos \u2013 EJA, com s\u00f3lida forma\u00e7\u00e3o acad\u00eamica, facilitador do processo de ensino e aprendizagem e que tenha vis\u00e3o de seu papel social enquanto agente educador.<\/p>\n<p><strong>Modalidade Oferta: Presencial<\/strong><br \/>\nIngresso: Processo Seletivo<br \/>\nVagas: 80<\/p>\n<p><strong>Turnos: Matutino e Vespertino<\/strong><br \/>\nTotal de Per\u00edodos: 8<br \/>\nDura\u00e7\u00e3o m\u00ednima: 4 anos<br \/>\nDura\u00e7\u00e3o m\u00e1xima: 6 anos<\/p>\n<p><strong>Turno: Intensivo<\/strong><br \/>\nTotal de Per\u00edodos: 8<br \/>\nDura\u00e7\u00e3o m\u00ednima: 4 anos<br \/>\nDura\u00e7\u00e3o m\u00e1xima: 6 anos<br \/>\nForma de Oferta: Modular e Paralela<br \/>\nCarga Hor\u00e1ria Total: 3215 horas<\/p>\n<p><strong>T\u00edtulo Conferido:<\/strong> Licenciado em Matem\u00e1tica<br \/>\n<strong>Per\u00edodo Letivo:<\/strong> Intensivo e Extensivo<br \/>\n<strong>Regime Acad\u00eamico:<\/strong> Atividades Curriculares<br \/>\n<strong>Ato de Cria\u00e7\u00e3o:<\/strong> Decreto n\u00ba 3545 de 4 de maio de 1954<br \/>\n<strong>Ato de Reconhecimento:<\/strong> Portaria N\u00ba 721 &#8211; MEC<br \/>\n<strong>Ato de Renova\u00e7\u00e3o:<\/strong> N\u00e3o ocorreu<br \/>\n<strong>Avalia\u00e7\u00e3o Externa:<\/strong> ENADE 2017 &#8211; Nota 3<\/p>\n<\/div>\n<div class=\"C\">\n<p><strong>Dire\u00e7\u00e3o da Faculdade<\/strong><\/p>\n<p>Diretor: Prof. Me. Jos\u00e9 Geraldo Gon\u00e7alves da Silva<br \/>\nE-mail: jg@ufpa.br<\/p>\n<p>Vice-diretor: Prof. Dr. Renato Germano Reis Nunes<br \/>\nE-mail: rgermano@ufpa.br<\/p>\n<p>Secret\u00e1ria: Andr\u00e9ia Silva<br \/>\nE-mail: facmatcastanhal@ufpa.br<\/p>\n<p><strong>Coordenador da P\u00f3s-Gradua\u00e7\u00e3o:<\/strong><\/p>\n<p>Coordenador:\u00a0Prof. Dr. Edilberto Oliveira Rozal<br \/>\nE-mail: edilbe@ufpa.br<\/p>\n<p>Vice-Coordenador:\u00a0Prof Dr. Arthur da Costa Almeida<br \/>\nE-mail: arthur@ufpa.br<\/p>\n<p><strong>Contato:<\/strong><\/p>\n<p>Dire\u00e7\u00e3o: (91) 3311-4623<br \/>\nSecretaria: (91) 3311-4600<br \/>\nE-mail: facmatcastanhal@ufpa.br<\/p>\n<\/div>\n<div class=\"D\">\n<table id=\"tablepress-9\" class=\"tablepress tablepress-id-9\">\n<thead>\n<tr class=\"row-1 odd\">\n\t<th class=\"column-1\">Docente<\/th><th class=\"column-2\">Titula\u00e7\u00e3o<\/th><th class=\"column-3\">Fun\u00e7\u00e3o<\/th><th class=\"column-4\">Vinculo <\/th><th class=\"column-5\">CH\/Dedica\u00e7\u00e3o Exclusiva<\/th><th class=\"column-6\">Lattes<\/th>\n<\/tr>\n<\/thead>\n<tbody class=\"row-hover\">\n<tr class=\"row-2 even\">\n\t<td class=\"column-1\">Arthur Da Costa Almeida <\/td><td class=\"column-2\">Doutor<\/td><td class=\"column-3\">Professor<\/td><td class=\"column-4\">Efetivo<\/td><td class=\"column-5\">40H - Dedica\u00e7\u00e3o Exclusiva<\/td><td class=\"column-6\"><a href=\"http:\/\/lattes.cnpq.br\/2014957882626187\" rel=\"noopener\" target=\"_blank\">Lattes<\/a><\/td>\n<\/tr>\n<tr class=\"row-3 odd\">\n\t<td class=\"column-1\">Carla Cristina de Souza Tavares <\/td><td class=\"column-2\">Mestre<\/td><td class=\"column-3\">Professora<\/td><td class=\"column-4\">Efetiva<\/td><td class=\"column-5\">40H - Dedica\u00e7\u00e3o Exclusiva<\/td><td class=\"column-6\"><a href=\"http:\/\/lattes.cnpq.br\/2591812924244726\" rel=\"noopener\" target=\"_blank\">Lattes<\/a><\/td>\n<\/tr>\n<tr class=\"row-4 even\">\n\t<td class=\"column-1\">Edilberto Oliveira Rozal <\/td><td class=\"column-2\">Doutor<\/td><td class=\"column-3\">Professor<\/td><td class=\"column-4\">Efetivo<\/td><td class=\"column-5\">40H - Dedica\u00e7\u00e3o Exclusiva<\/td><td class=\"column-6\"><a href=\"http:\/\/lattes.cnpq.br\/1587055694481384\" rel=\"noopener\" target=\"_blank\">Lattes<\/a><\/td>\n<\/tr>\n<tr class=\"row-5 odd\">\n\t<td class=\"column-1\">Frayzer Lima de Almeida<\/td><td class=\"column-2\">Doutor<\/td><td class=\"column-3\">Professor<\/td><td class=\"column-4\">Efetivo<\/td><td class=\"column-5\">40H - Dedica\u00e7\u00e3o Exclusiva<\/td><td class=\"column-6\"><a href=\"http:\/\/lattes.cnpq.br\/4172693899035068\" rel=\"noopener\" target=\"_blank\">Lattes<\/a><\/td>\n<\/tr>\n<tr class=\"row-6 even\">\n\t<td class=\"column-1\">Gerl\u00e2ndia de Castro Silva Thijm<\/td><td class=\"column-2\">Doutora<\/td><td class=\"column-3\">Professor<\/td><td class=\"column-4\">Efetivo<\/td><td class=\"column-5\">40H - Dedica\u00e7\u00e3o Exclusiva<\/td><td class=\"column-6\"><a href=\"http:\/\/lattes.cnpq.br\/9934039543357877\" rel=\"noopener\" target=\"_blank\">Lattes<\/a><\/td>\n<\/tr>\n<tr class=\"row-7 odd\">\n\t<td class=\"column-1\">Jos\u00e9 Geraldo Gon\u00e7alves da Silva <\/td><td class=\"column-2\">Mestre<\/td><td class=\"column-3\">Professor<\/td><td class=\"column-4\">Efetivo<\/td><td class=\"column-5\">40H - Dedica\u00e7\u00e3o Exclusiva<\/td><td class=\"column-6\"><a href=\"http:\/\/lattes.cnpq.br\/0680669960875075\" rel=\"noopener\" target=\"_blank\">Lattes<\/a><\/td>\n<\/tr>\n<tr class=\"row-8 even\">\n\t<td class=\"column-1\">K\u00e1tia Li\u00e8ge Nunes Gon\u00e7alves<\/td><td class=\"column-2\">Doutora<\/td><td class=\"column-3\">Professora<\/td><td class=\"column-4\">Efeitvo<\/td><td class=\"column-5\">40H - Dedica\u00e7\u00e3o Exclusiva<\/td><td class=\"column-6\"><a href=\"http:\/\/lattes.cnpq.br\/5132791406240062\" rel=\"noopener\" target=\"_blank\">Lattes<\/a><\/td>\n<\/tr>\n<tr class=\"row-9 odd\">\n\t<td class=\"column-1\">Marcos Vin\u00edcius Orguen Gouvea<\/td><td class=\"column-2\">Mestre<\/td><td class=\"column-3\">Professor<\/td><td class=\"column-4\">Efetivo<\/td><td class=\"column-5\">40H - Dedica\u00e7\u00e3o Exclusiva<\/td><td class=\"column-6\"><a href=\"\" rel=\"noopener\" target=\"_blank\">Lattes<\/a><\/td>\n<\/tr>\n<tr class=\"row-10 even\">\n\t<td class=\"column-1\">Maria L\u00eddia Paula Ledoux <\/td><td class=\"column-2\">Doutora<\/td><td class=\"column-3\">Professora<\/td><td class=\"column-4\">Efetivo<\/td><td class=\"column-5\">40H - Dedica\u00e7\u00e3o Exclusiva<\/td><td class=\"column-6\"><a href=\"http:\/\/lattes.cnpq.br\/1839640402319006\" rel=\"noopener\" target=\"_blank\">Lattes<\/a><\/td>\n<\/tr>\n<tr class=\"row-11 odd\">\n\t<td class=\"column-1\">Nildsen Fernando Lisboa da Silva <\/td><td class=\"column-2\">Doutor<\/td><td class=\"column-3\">Professor<\/td><td class=\"column-4\">Efetivo<\/td><td class=\"column-5\">40H - Dedica\u00e7\u00e3o Exclusiva<\/td><td class=\"column-6\"><a href=\"http:\/\/lattes.cnpq.br\/9165074701626196\" rel=\"noopener\" target=\"_blank\">Lattes<\/a><\/td>\n<\/tr>\n<tr class=\"row-12 even\">\n\t<td class=\"column-1\">Renato Germano Reis Nunes<\/td><td class=\"column-2\">Doutor<\/td><td class=\"column-3\">Professor<\/td><td class=\"column-4\">Efetivo<\/td><td class=\"column-5\">40H - Dedica\u00e7\u00e3o Exclusiva<\/td><td class=\"column-6\"><a href=\"http:\/\/lattes.cnpq.br\/4662907821707953\" rel=\"noopener\" target=\"_blank\">Lattes<\/a><\/td>\n<\/tr>\n<tr class=\"row-13 odd\">\n\t<td class=\"column-1\">Roberta Modesto Braga <\/td><td class=\"column-2\">Doutora<\/td><td class=\"column-3\">Professora<\/td><td class=\"column-4\">Efetivo<\/td><td class=\"column-5\">40H - Dedica\u00e7\u00e3o Exclusiva<\/td><td class=\"column-6\"><a href=\"http:\/\/lattes.cnpq.br\/3004012674017274\" rel=\"noopener\" target=\"_blank\">Lattes<\/a><\/td>\n<\/tr>\n<tr class=\"row-14 even\">\n\t<td class=\"column-1\">Samuel Levi Freitas da Luz <\/td><td class=\"column-2\">Doutor<\/td><td class=\"column-3\">Professor<\/td><td class=\"column-4\">Efetivo<\/td><td class=\"column-5\">40H - Dedica\u00e7\u00e3o Exclusiva<\/td><td class=\"column-6\"><a href=\"http:\/\/lattes.cnpq.br\/6697616528741541\" rel=\"noopener\" target=\"_blank\">Lattes<\/a><\/td>\n<\/tr>\n<tr class=\"row-15 odd\">\n\t<td class=\"column-1\">Valdel\u00edrio da Silva e Silva <\/td><td class=\"column-2\">Doutor<\/td><td class=\"column-3\">Professor<\/td><td class=\"column-4\">Efetivo<\/td><td class=\"column-5\">40H - Dedica\u00e7\u00e3o Exclusiva<\/td><td class=\"column-6\"><a href=\"http:\/\/lattes.cnpq.br\/9701131346395521\" rel=\"noopener\" target=\"_blank\">Lattes<\/a><\/td>\n<\/tr>\n<\/tbody>\n<\/table>\n<!-- #tablepress-9 from cache --><\/div>\n<div class=\"E\"><strong>Infraestrutura<\/strong><br \/>\nLaborat\u00f3rio Experimental de Modelagem Matem\u00e1tica<br \/>\nLaborat\u00f3rio de Inform\u00e1tica da Matem\u00e1tica com 30 m\u00e1quinas<\/div>\n<div><\/div>\n<div>Consulte o PPC de Matem\u00e1tica, <a href=\"http:\/\/facmatcastanhal.ufpa.br\/wp-content\/uploads\/DocumentosFacmat\/RESOLUCAO5044.pdf\" target=\"_blank\" rel=\"noopener\">aqui<\/a>.<\/div>\n<p style=\"text-align: justify;\">Para mais informa\u00e7\u00f5es, visite o site da <a href=\"http:\/\/www.facmatcastanhal.ufpa.br\/\" target=\"_blank\" rel=\"noopener\">FACMAT<\/a><\/p>\n","protected":false},"excerpt":{"rendered":"<p>Hist\u00f3rico Caracter\u00edsticas Dire\u00e7\u00e3o Docentes e T\u00e9cnicos Infraestrutura Hist\u00f3rico: Os Cursos de Matem\u00e1tica da UFPA surgiram na Faculdade de Filosofia, Ci\u00eancias e Letras do Par\u00e1, em 04\/05\/1954, criados pelo Decreto presidencial n\u00ba 35.456, e reconhecido pela portaria N\u00ba 721-MEC. Em 1971, o Curso de Licenciatura passou a fazer parte do Centro de Ci\u00eancias Exatas e Naturais &hellip; <a href=\"https:\/\/campuscastanhal.ufpa.br\/?page_id=158\">Continue reading <span class=\"meta-nav\">&rarr;<\/span><\/a><\/p>\n","protected":false},"author":2,"featured_media":0,"parent":0,"menu_order":0,"comment_status":"closed","ping_status":"closed","template":"","meta":{"_exactmetrics_skip_tracking":false,"_exactmetrics_sitenote_active":false,"_exactmetrics_sitenote_note":"","_exactmetrics_sitenote_category":0},"_links":{"self":[{"href":"https:\/\/campuscastanhal.ufpa.br\/index.php?rest_route=\/wp\/v2\/pages\/158"}],"collection":[{"href":"https:\/\/campuscastanhal.ufpa.br\/index.php?rest_route=\/wp\/v2\/pages"}],"about":[{"href":"https:\/\/campuscastanhal.ufpa.br\/index.php?rest_route=\/wp\/v2\/types\/page"}],"author":[{"embeddable":true,"href":"https:\/\/campuscastanhal.ufpa.br\/index.php?rest_route=\/wp\/v2\/users\/2"}],"replies":[{"embeddable":true,"href":"https:\/\/campuscastanhal.ufpa.br\/index.php?rest_route=%2Fwp%2Fv2%2Fcomments&post=158"}],"version-history":[{"count":48,"href":"https:\/\/campuscastanhal.ufpa.br\/index.php?rest_route=\/wp\/v2\/pages\/158\/revisions"}],"predecessor-version":[{"id":7464,"href":"https:\/\/campuscastanhal.ufpa.br\/index.php?rest_route=\/wp\/v2\/pages\/158\/revisions\/7464"}],"wp:attachment":[{"href":"https:\/\/campuscastanhal.ufpa.br\/index.php?rest_route=%2Fwp%2Fv2%2Fmedia&parent=158"}],"curies":[{"name":"wp","href":"https:\/\/api.w.org\/{rel}","templated":true}]}}