{"id":1582,"date":"2018-09-10T12:23:08","date_gmt":"2018-09-10T15:23:08","guid":{"rendered":"https:\/\/campuscastanhal.ufpa.br\/?page_id=1582"},"modified":"2023-09-28T14:11:18","modified_gmt":"2023-09-28T17:11:18","slug":"normalizacao-de-trabalhos-academicos","status":"publish","type":"page","link":"https:\/\/campuscastanhal.ufpa.br\/?page_id=1582","title":{"rendered":"Normaliza\u00e7\u00e3o de Trabalhos Acad\u00eamicos"},"content":{"rendered":"<section style=\"display: grid; grid-template: repeat(2, 1fr) \/ repeat(2, 1fr); grid-gap: 30px;\">\n<div><a href=\"https:\/\/bc.ufpa.br\/wp-content\/uploads\/2023\/09\/Guia-de-Elaboracao-de-Trabalhos-Academicos-3.ed-2023.pdf\" target=\"_blank\" rel=\"noopener\"><img decoding=\"async\" loading=\"lazy\" class=\"alignnone wp-image-1583\" style=\"float: left;\" src=\"https:\/\/campuscastanhal.ufpa.br\/wp-content\/uploads\/2023\/imagens\/guia_trabalhos_img.png\" alt=\"\u00cdcone de guia de trabalhos acad\u00eamicos\" width=\"400\" height=\"110\" \/><\/a><\/div>\n<div><a href=\"https:\/\/campuscastanhal.ufpa.br\/?page_id=2028\" rel=\"noopener\"><img decoding=\"async\" loading=\"lazy\" class=\"alignnone wp-image-1584\" style=\"float: right;\" src=\"https:\/\/campuscastanhal.ufpa.br\/wp-content\/uploads\/2023\/imagens\/templates_trabalhos_img.png\" alt=\"\u00cdcone de templates de trabalhos acad\u00eamicos\" width=\"400\" height=\"110\" \/><\/a><\/div>\n<div><a href=\"https:\/\/campuscastanhal.ufpa.br\/wp-content\/uploads\/2023\/arquivos\/perguntas_frequentes_edicao_3.pdf\" target=\"_blank\" rel=\"noopener\"><img decoding=\"async\" loading=\"lazy\" class=\"alignnone wp-image-1585\" style=\"float: left;\" src=\"https:\/\/campuscastanhal.ufpa.br\/wp-content\/uploads\/2023\/imagens\/abnt_faq_img.png\" alt=\"\u00cdcone de perguntas frequentes sobre abnt\" width=\"400\" height=\"110\" \/><\/a><\/div>\n<div><a href=\"https:\/\/more.ufsc.br\/\" target=\"_blank\" rel=\"noopener\"><img decoding=\"async\" loading=\"lazy\" class=\"alignnone wp-image-1585\" style=\"float: right;\" src=\"https:\/\/campuscastanhal.ufpa.br\/wp-content\/uploads\/2023\/imagens\/elaborar_referecias_img.png\" alt=\"\u00cdcone de elaborar refer\u00eancias bibliogr\u00e1ficas\" width=\"400\" height=\"110\" \/><\/a><\/div>\n<\/section>\n","protected":false},"excerpt":{"rendered":"","protected":false},"author":2,"featured_media":0,"parent":0,"menu_order":0,"comment_status":"closed","ping_status":"closed","template":"","meta":{"_exactmetrics_skip_tracking":false,"_exactmetrics_sitenote_active":false,"_exactmetrics_sitenote_note":"","_exactmetrics_sitenote_category":0},"_links":{"self":[{"href":"https:\/\/campuscastanhal.ufpa.br\/index.php?rest_route=\/wp\/v2\/pages\/1582"}],"collection":[{"href":"https:\/\/campuscastanhal.ufpa.br\/index.php?rest_route=\/wp\/v2\/pages"}],"about":[{"href":"https:\/\/campuscastanhal.ufpa.br\/index.php?rest_route=\/wp\/v2\/types\/page"}],"author":[{"embeddable":true,"href":"https:\/\/campuscastanhal.ufpa.br\/index.php?rest_route=\/wp\/v2\/users\/2"}],"replies":[{"embeddable":true,"href":"https:\/\/campuscastanhal.ufpa.br\/index.php?rest_route=%2Fwp%2Fv2%2Fcomments&post=1582"}],"version-history":[{"count":25,"href":"https:\/\/campuscastanhal.ufpa.br\/index.php?rest_route=\/wp\/v2\/pages\/1582\/revisions"}],"predecessor-version":[{"id":6403,"href":"https:\/\/campuscastanhal.ufpa.br\/index.php?rest_route=\/wp\/v2\/pages\/1582\/revisions\/6403"}],"wp:attachment":[{"href":"https:\/\/campuscastanhal.ufpa.br\/index.php?rest_route=%2Fwp%2Fv2%2Fmedia&parent=1582"}],"curies":[{"name":"wp","href":"https:\/\/api.w.org\/{rel}","templated":true}]}}