{"id":16,"date":"2017-07-17T23:33:46","date_gmt":"2017-07-18T02:33:46","guid":{"rendered":"http:\/\/127.0.0.1\/UFPA\/?page_id=16"},"modified":"2024-10-07T14:25:50","modified_gmt":"2024-10-07T17:25:50","slug":"pagina-inicial","status":"publish","type":"page","link":"https:\/\/campuscastanhal.ufpa.br\/","title":{"rendered":""},"content":{"rendered":"<div><div id=\"metaslider-id-199\" style=\"max-width: 746px; margin: 0 auto;\" class=\"ml-slider-3-33-0 metaslider metaslider-flex metaslider-199 ml-slider ms-theme-default\" role=\"region\" aria-roledescription=\"Slideshow\" aria-label=\"Slideshow\">\n    <div id=\"metaslider_container_199\">\n        <div id=\"metaslider_199\">\n            <ul aria-live=\"polite\" class=\"slides\">\n                <li style=\"display: block; width: 100%;\" class=\"slide-7513 ms-image\" aria-roledescription=\"slide\" aria-label=\"slide-7513\"><a href=\"https:\/\/campuscastanhal.ufpa.br\/?p=7510\" target=\"_self\"><img src=\"https:\/\/campuscastanhal.ufpa.br\/wp-content\/uploads\/curso_libras.png\" height=\"423\" width=\"746\" alt=\"\" class=\"slider-199 slide-7513\" title=\"curso_libras\" \/><\/a><div class=\"caption-wrap\"><div class=\"caption\">UFPA Castanhal oferta Curso B\u00e1sico de Libras 2026 com inscri\u00e7\u00f5es em maio<\/div><\/div><\/li>\n                <li style=\"display: none; width: 100%;\" class=\"slide-7509 ms-image\" aria-roledescription=\"slide\" aria-label=\"slide-7509\"><a href=\"https:\/\/campuscastanhal.ufpa.br\/?p=7506\" target=\"_self\"><img src=\"https:\/\/campuscastanhal.ufpa.br\/wp-content\/uploads\/SELECAO_DE_BOLSISTA.png\" height=\"423\" width=\"746\" alt=\"\" class=\"slider-199 slide-7509\" title=\"SELECAO_DE_BOLSISTA\" \/><\/a><div class=\"caption-wrap\"><div class=\"caption\">Secretaria das Faculdades da UFPA Castanhal divulga edital para sele\u00e7\u00e3o de bolsista<\/div><\/div><\/li>\n                <li style=\"display: none; width: 100%;\" class=\"slide-7448 ms-image\" aria-roledescription=\"slide\" aria-label=\"slide-7448\"><a href=\"https:\/\/campuscastanhal.ufpa.br\/?p=7445\" target=\"_self\"><img src=\"https:\/\/campuscastanhal.ufpa.br\/wp-content\/uploads\/050226_artesite_interpass.png\" height=\"423\" width=\"746\" alt=\"\" class=\"slider-199 slide-7448\" title=\"050226_artesite_interpass\" \/><\/a><div class=\"caption-wrap\"><div class=\"caption\">Nova remessa de carteiras de meia passagem intermunicipal est\u00e1 dispon\u00edvel para retirada <\/div><\/div><\/li>\n                <li style=\"display: none; width: 100%;\" class=\"slide-7514 ms-image\" aria-roledescription=\"slide\" aria-label=\"slide-7514\"><a href=\"https:\/\/campuscastanhal.ufpa.br\/?p=7457\" target=\"_self\"><img src=\"https:\/\/campuscastanhal.ufpa.br\/wp-content\/uploads\/1via_intermunicipal.png\" height=\"423\" width=\"746\" alt=\"\" class=\"slider-199 slide-7514\" title=\"1via_intermunicipal\" \/><\/a><div class=\"caption-wrap\"><div class=\"caption\">Discentes da UFPA\/Castanhal que residem em outros munic\u00edpios poder\u00e3o solicitar 1\u00aa via da carteira de meia passagem intermunicipal<\/div><\/div><\/li>\n                <li style=\"display: none; width: 100%;\" class=\"slide-7300 ms-image\" aria-roledescription=\"slide\" aria-label=\"slide-7300\"><a href=\"https:\/\/campuscastanhal.ufpa.br\/?p=7297\" target=\"_self\"><img src=\"https:\/\/campuscastanhal.ufpa.br\/wp-content\/uploads\/Programa-de-Pos-Graduacao-em-Estudos-Antropicos-na-Amazonia-lanca-livro-intitulado-Colaboracoes-em-Pesquisas-Interdisciplinares-746x423.png\" height=\"423\" width=\"746\" alt=\"\" class=\"slider-199 slide-7300\" title=\"Programa-de-Pos-Graduacao-em-Estudos-Antropicos-na-Amazonia-lanca-livro-intitulado-Colaboracoes-em-Pesquisas-Interdisciplinares\" \/><\/a><div class=\"caption-wrap\"><div class=\"caption\">Programa de P\u00f3s-Gradua\u00e7\u00e3o em Estudos Antr\u00f3picos na Amaz\u00f4nia lan\u00e7a livro intitulado Colabora\u00e7\u00f5es em Pesquisas Interdisciplinares<\/div><\/div><\/li>\n                <li style=\"display: none; width: 100%;\" class=\"slide-7254 ms-image\" aria-roledescription=\"slide\" aria-label=\"slide-7254\"><a href=\"https:\/\/campuscastanhal.ufpa.br\/?p=7250\" target=\"_self\"><img src=\"https:\/\/campuscastanhal.ufpa.br\/wp-content\/uploads\/FACULDADE-DE-PEDAGOGIA-746-x-423-px.png\" height=\"423\" width=\"746\" alt=\"\" class=\"slider-199 slide-7254\" title=\"FACULDADE-DE-PEDAGOGIA-746-x-423-px\" \/><\/a><div class=\"caption-wrap\"><div class=\"caption\">Curso de Pedagogia da UFPA Castanhal recebe nota m\u00e1xima na avalia\u00e7\u00e3o do Mec<\/div><\/div><\/li>\n            <\/ul>\n        <\/div>\n        \n    <\/div>\n<\/div><\/div>\n<p><div id=\"rpwe_widget-11\" class=\"widget clearfix rpwe_widget recent-posts-extended amr_widget\"><style>.rpwe-block ul{\r\nlist-style: none !important;\r\nmargin-left: 0 !important;\r\npadding-left: 0 !important;\r\n}\r\n\r\n.rpwe-block li{\r\nborder-bottom: 1px solid #eee;\r\nmargin-bottom: 10px;\r\npadding-bottom: 10px;\r\nlist-style-type: none;\r\n}\r\n\r\n.rpwe-block a{\r\ndisplay: inline !important;\r\ntext-decoration: none;\r\n}\r\n\r\n.rpwe-block h3{\r\nbackground: none !important;\r\nclear: none;\r\nmargin-bottom: 0 !important;\r\nmargin-top: 0 !important;\r\nfont-weight: 400;\r\nfont-size: 14px !important;\r\nline-height: 1.5em;\r\n}\r\n\r\n.rpwe-thumb{\r\nborder: 1px solid #eee !important;\r\nbox-shadow: none !important;\r\nmargin: 2px 10px 2px 0;\r\npadding: 3px !important;\r\n}\r\n\r\n.rpwe-summary{\r\nfont-size: 12px;\r\n}\r\n\r\n.rpwe-time{\r\ncolor: #bbb;\r\nfont-size: 11px;\r\n}\r\n\r\n.rpwe-comment{\r\ncolor: #bbb;\r\nfont-size: 14px;\r\npadding-left: 5px;\r\n}\r\n\r\n.rpwe-alignleft{\r\ndisplay: inline;\r\nfloat: left;\r\n}\r\n\r\n.rpwe-alignright{\r\ndisplay: inline;\r\nfloat: right;\r\n}\r\n\r\n.rpwe-aligncenter{\r\ndisplay: block;\r\nmargin-left: auto;\r\nmargin-right: auto;\r\n}\r\n\r\n.rpwe-clearfix:before,\r\n.rpwe-clearfix:after{\r\ncontent: &quot;&quot;;\r\ndisplay: table !important;\r\n}\r\n\r\n.rpwe-clearfix:after{\r\nclear: both;\r\n}\r\n\r\n.rpwe-clearfix{\r\nzoom: 1;\r\n}\r\n<\/style><h3 class=\"heading\">Mais Not\u00edcias<\/h3><div  class=\"rpwe-block\"><ul class=\"rpwe-ul\"><li class=\"rpwe-li rpwe-clearfix\"><a class=\"rpwe-img\" href=\"https:\/\/campuscastanhal.ufpa.br\/?p=7510\" target=\"_self\"><img class=\"rpwe-alignleft rpwe-thumb\" src=\"https:\/\/campuscastanhal.ufpa.br\/wp-content\/uploads\/curso_libras-140x78.png\" alt=\"UFPA Castanhal oferta Curso B\u00e1sico de Libras 2026 com inscri\u00e7\u00f5es em maio\" height=\"78\" width=\"140\" loading=\"lazy\" decoding=\"async\"><\/a><h3 class=\"rpwe-title\"><a href=\"https:\/\/campuscastanhal.ufpa.br\/?p=7510\" target=\"_self\">UFPA Castanhal oferta Curso B\u00e1sico de Libras 2026 com inscri\u00e7\u00f5es em maio<\/a><\/h3><time class=\"rpwe-time published\" datetime=\"2026-04-30T13:16:25-03:00\">30 de abril de 2026<\/time><\/li><li class=\"rpwe-li rpwe-clearfix\"><a class=\"rpwe-img\" href=\"https:\/\/campuscastanhal.ufpa.br\/?p=7506\" target=\"_self\"><img class=\"rpwe-alignleft rpwe-thumb\" src=\"https:\/\/campuscastanhal.ufpa.br\/wp-content\/uploads\/SELECAO_DE_BOLSISTA-140x78.png\" alt=\"Secretaria das Faculdades da UFPA Castanhal divulga edital para sele\u00e7\u00e3o de bolsista\" height=\"78\" width=\"140\" loading=\"lazy\" decoding=\"async\"><\/a><h3 class=\"rpwe-title\"><a href=\"https:\/\/campuscastanhal.ufpa.br\/?p=7506\" target=\"_self\">Secretaria das Faculdades da UFPA Castanhal divulga edital para sele\u00e7\u00e3o de bolsista<\/a><\/h3><time class=\"rpwe-time published\" datetime=\"2026-04-30T11:17:09-03:00\">30 de abril de 2026<\/time><\/li><li class=\"rpwe-li rpwe-clearfix\"><a class=\"rpwe-img\" href=\"https:\/\/campuscastanhal.ufpa.br\/?p=7500\" target=\"_self\"><img class=\"rpwe-alignleft rpwe-thumb\" src=\"https:\/\/campuscastanhal.ufpa.br\/wp-content\/uploads\/mostra_de_profissoes-1-140x78.jpeg\" alt=\"Inscri\u00e7\u00f5es abertas para III Mostra de Profiss\u00f5es da UFPA Castanhal\" height=\"78\" width=\"140\" loading=\"lazy\" decoding=\"async\"><\/a><h3 class=\"rpwe-title\"><a href=\"https:\/\/campuscastanhal.ufpa.br\/?p=7500\" target=\"_self\">Inscri\u00e7\u00f5es abertas para III Mostra de Profiss\u00f5es da UFPA Castanhal<\/a><\/h3><time class=\"rpwe-time published\" datetime=\"2026-04-14T10:27:28-03:00\">14 de abril de 2026<\/time><\/li><li class=\"rpwe-li rpwe-clearfix\"><a class=\"rpwe-img\" href=\"https:\/\/campuscastanhal.ufpa.br\/?p=7495\" target=\"_self\"><img class=\"rpwe-alignleft rpwe-thumb\" src=\"https:\/\/campuscastanhal.ufpa.br\/wp-content\/uploads\/artesite_ixseminario_combate_fechamento-1-140x78.png\" alt=\"UFPA Castanhal sediar\u00e1 IX Semin\u00e1rio de Combate ao Fechamento de Escolas do Campo, das \u00c1guas e Florestas no Par\u00e1\" height=\"78\" width=\"140\" loading=\"lazy\" decoding=\"async\"><\/a><h3 class=\"rpwe-title\"><a href=\"https:\/\/campuscastanhal.ufpa.br\/?p=7495\" target=\"_self\">UFPA Castanhal sediar\u00e1 IX Semin\u00e1rio de Combate ao Fechamento de Escolas do Campo, das \u00c1guas e Florestas no Par\u00e1<\/a><\/h3><time class=\"rpwe-time published\" datetime=\"2026-03-18T13:02:40-03:00\">18 de mar\u00e7o de 2026<\/time><\/li><li class=\"rpwe-li rpwe-clearfix\"><a class=\"rpwe-img\" href=\"https:\/\/campuscastanhal.ufpa.br\/?p=7489\" target=\"_self\"><img class=\"rpwe-alignleft rpwe-thumb\" src=\"https:\/\/campuscastanhal.ufpa.br\/wp-content\/uploads\/Recepao_2026_site-140x78.png\" alt=\"UFPA Castanhal realiza Semana da(o) Caloura(o) 2026 com programa\u00e7\u00e3o voltada \u00e0 integra\u00e7\u00e3o e ao compromisso social\" height=\"78\" width=\"140\" loading=\"lazy\" decoding=\"async\"><\/a><h3 class=\"rpwe-title\"><a href=\"https:\/\/campuscastanhal.ufpa.br\/?p=7489\" target=\"_self\">UFPA Castanhal realiza Semana da(o) Caloura(o) 2026 com programa\u00e7\u00e3o voltada \u00e0 integra\u00e7\u00e3o e ao compromisso social<\/a><\/h3><time class=\"rpwe-time published\" datetime=\"2026-03-17T16:57:23-03:00\">17 de mar\u00e7o de 2026<\/time><\/li><\/ul><\/div><!-- Generated by http:\/\/wordpress.org\/plugins\/recent-posts-widget-extended\/ --><\/div><br \/>\n<strong><a href=\"https:\/\/campuscastanhal.ufpa.br\/?page_id=19\">+ Not\u00edcias<\/a><\/strong><\/p>\n<p><strong style=\"color: #00d1b2;\">Galeria de Imagens<\/strong><br \/>\n<style>      div.simple-google-photos-grid {\n        width:100%;\n        height:100%;\n        overflow:hidden;      \n      }\n      div.simple-google-photos-grid-cell {\n        box-sizing:border-box;\n        padding:5px;\n        float:left;\n      }\n      img.simple-google-photos-grid-image {\n        object-fit: cover;\n      }<\/style><div class=\"simple-google-photos-grid\"><div class=\"simple-google-photos-grid-cell\" style=\"width:20%\"><a href=\"https:\/\/photos.app.goo.gl\/6buuGGluC7zMmAog1\" target=\"_blank\"><img src=\"https:\/\/lh3.googleusercontent.com\/pw\/AP1GczM4Wljp67dZpOfnTZoAI_W7XVBroLmO3Nio8vxoFsk-uWEUeuhrz3EJFcmMUhGHtq4C6hnew0b7VCc1kuwg5TNdoJ7sh-16PbIJAEhzYUL1eiDI3Uo\" alt=\"Google Photo\" class=\"simple-google-photos-grid-image\"><\/a><\/div><div class=\"simple-google-photos-grid-cell\" style=\"width:20%\"><a href=\"https:\/\/photos.app.goo.gl\/6buuGGluC7zMmAog1\" target=\"_blank\"><img src=\"https:\/\/lh3.googleusercontent.com\/pw\/AP1GczOqZkUeLC1nbHTaIovAtu3D0pmxTh4o_dc6gM-EVkiEmrNlNg1oihRWTAkMg0YYoi1aie32Vj2ZtPvan1sY_BZM9TYnWxhXcmyYdLA7DYJj-fSHsq8\" alt=\"Google Photo\" class=\"simple-google-photos-grid-image\"><\/a><\/div><div class=\"simple-google-photos-grid-cell\" style=\"width:20%\"><a href=\"https:\/\/photos.app.goo.gl\/6buuGGluC7zMmAog1\" target=\"_blank\"><img src=\"https:\/\/lh3.googleusercontent.com\/pw\/AP1GczOTA7Doe0y66QL9XsQiyjx0f3LxMnbV3Zcs98QsHz6oB499mhjllpF5EnkdYsUWx1XrxaZf-_g02-VuHPKaGyH3BStdOnU0yPABi2PqQDu9P_K1rAY\" alt=\"Google Photo\" class=\"simple-google-photos-grid-image\"><\/a><\/div><div class=\"simple-google-photos-grid-cell\" style=\"width:20%\"><a href=\"https:\/\/photos.app.goo.gl\/6buuGGluC7zMmAog1\" target=\"_blank\"><img src=\"https:\/\/lh3.googleusercontent.com\/pw\/AP1GczP2Kp6Cc1eaQgEc4DFwECg-Nlg-AaRlcHuoF2XTq7e0vhCYvQj1MpzMQgsv7kDy4q9TYEQHUMEYO1_RLpkqNvRlRXkILdL5blSnI4F9YdpLwUY7aO8\" alt=\"Google Photo\" class=\"simple-google-photos-grid-image\"><\/a><\/div><div class=\"simple-google-photos-grid-cell\" style=\"width:20%\"><a href=\"https:\/\/photos.app.goo.gl\/6buuGGluC7zMmAog1\" target=\"_blank\"><img src=\"https:\/\/lh3.googleusercontent.com\/pw\/AP1GczNkSh-MXSzIH5eC_Yl_C6Db0FxrjHvzbk0SQi5nqxCZkh4zfXI1Tn2IEzl9xy3lrTCqwp0VjaCgA0YT8bPXhvzq2_JDs33Jf1yMTgrW-VD9Mjx1QSc\" alt=\"Google Photo\" class=\"simple-google-photos-grid-image\"><\/a><\/div><div class=\"simple-google-photos-grid-cell\" style=\"width:20%\"><a href=\"https:\/\/photos.app.goo.gl\/6buuGGluC7zMmAog1\" target=\"_blank\"><img src=\"https:\/\/lh3.googleusercontent.com\/pw\/AP1GczOQjPVvNilWiqxzWsLcAy_-MXqyTa0CXAlS4IXDN3iCOhukSBT8OOmJXOgq7JoFb72ueBbBgvc4Tt2_lkE47na7xuygOFDjuhE9gAwQs_Q4oCnn21o\" alt=\"Google Photo\" class=\"simple-google-photos-grid-image\"><\/a><\/div><div class=\"simple-google-photos-grid-cell\" style=\"width:20%\"><a href=\"https:\/\/photos.app.goo.gl\/6buuGGluC7zMmAog1\" target=\"_blank\"><img src=\"https:\/\/lh3.googleusercontent.com\/pw\/AP1GczNshuBN0jPZbIgJavOgLxVQC1EaXmejLvRaORNoreLE-F2AQERwMAN1M7x5sAnTn-B1rdWveQdj5mLEj8i8TvoXc4d2opePxT0av2CcLpaezSIjiiY\" alt=\"Google Photo\" class=\"simple-google-photos-grid-image\"><\/a><\/div><div class=\"simple-google-photos-grid-cell\" style=\"width:20%\"><a href=\"https:\/\/photos.app.goo.gl\/6buuGGluC7zMmAog1\" target=\"_blank\"><img src=\"https:\/\/lh3.googleusercontent.com\/pw\/AP1GczNsdPMuD2Jjb2C6uAL87mh9AGbW-rMJf2Ni3KSifWwmeoDFUEoklIXVKWHuF4WX_x1j4vBItRto1kpq-ylRw-KFvuLZ4dm7LnAswcUkmc0Ugi8AwH4\" alt=\"Google Photo\" class=\"simple-google-photos-grid-image\"><\/a><\/div><div class=\"simple-google-photos-grid-cell\" style=\"width:20%\"><a href=\"https:\/\/photos.app.goo.gl\/6buuGGluC7zMmAog1\" target=\"_blank\"><img src=\"https:\/\/lh3.googleusercontent.com\/pw\/AP1GczMh9VOzAFXnq75o9XMVHtdaR4lZgdZ3DaCYWo8Jw4tfEnC2jtF0kv_we41ygmxI5JKL-JJHFwNinwAgTziHdSpX0qHRlt4USuZnn1Hs85U1eM6a0WU\" alt=\"Google Photo\" class=\"simple-google-photos-grid-image\"><\/a><\/div><div class=\"simple-google-photos-grid-cell\" style=\"width:20%\"><a href=\"https:\/\/photos.app.goo.gl\/6buuGGluC7zMmAog1\" target=\"_blank\"><img src=\"https:\/\/lh3.googleusercontent.com\/pw\/AP1GczOdJh4zNaUENwK3GA0GyNuqRePGWuNu-dWC0rc3qkkwzO6s38gz2pxYQ23mERIhc0WcZwpLhOat72-nwtzcBUeGNFyUpYNkQnUkzH6lfrgaRmBX2F8\" alt=\"Google Photo\" class=\"simple-google-photos-grid-image\"><\/a><\/div><div class=\"simple-google-photos-grid-cell\" style=\"width:20%\"><a href=\"https:\/\/photos.app.goo.gl\/6buuGGluC7zMmAog1\" target=\"_blank\"><img src=\"https:\/\/lh3.googleusercontent.com\/pw\/AP1GczMeDPEXgTQDkTSqFam2MKdlUpXm5ebQu1jEybIGYH7t3d12VfuPEOFx1dtP2_tjllhkw7mGc4WobmNIWxAK4Db8zHyMAcMCf1TNUN9gHhhJ-OKTzeg\" alt=\"Google Photo\" class=\"simple-google-photos-grid-image\"><\/a><\/div><div class=\"simple-google-photos-grid-cell\" style=\"width:20%\"><a href=\"https:\/\/photos.app.goo.gl\/6buuGGluC7zMmAog1\" target=\"_blank\"><img src=\"https:\/\/lh3.googleusercontent.com\/pw\/AP1GczMlcYbFsdYlTc4Xny86jjXZj8mCdte4fAt_KxE9yuOvOKinqWqrcpj5z-4mTfvisgpD_iQwAZdjruzucjzM0CHDWi0kSbrsr46crvqXVthPenuEC4s\" alt=\"Google Photo\" class=\"simple-google-photos-grid-image\"><\/a><\/div><div class=\"simple-google-photos-grid-cell\" style=\"width:20%\"><a href=\"https:\/\/photos.app.goo.gl\/6buuGGluC7zMmAog1\" target=\"_blank\"><img src=\"https:\/\/lh3.googleusercontent.com\/pw\/AP1GczPwMXuecfVJn6snyjoqrvb1YWPYWpfmUKjtdsVAMKfKt5YFUNkekQ12kkUtyVelh07LOZUQCKNAqxe1vZhjTNNTEGOgU5imlVV8d74SmtbIMYvST5c\" alt=\"Google Photo\" class=\"simple-google-photos-grid-image\"><\/a><\/div><\/div><script>      (function() {\n        if( window.jQuery ){\n          jQuery( document ).ready(function() {\n            jQuery(\"div.simple-google-photos-grid\").each(function(i){\n              var container = jQuery(this);\n              var width = container.find(\"div.simple-google-photos-grid-cell\").first().width();\n              container.find(\"img.simple-google-photos-grid-image\").css(\"width\", width).css(\"height\", width);          \n            });          \n          });\n        }\n      })();<\/script><\/p>\n","protected":false},"excerpt":{"rendered":"<p>+ Not\u00edcias Galeria de Imagens<\/p>\n","protected":false},"author":2,"featured_media":0,"parent":20,"menu_order":0,"comment_status":"closed","ping_status":"closed","template":"","meta":{"_exactmetrics_skip_tracking":false,"_exactmetrics_sitenote_active":false,"_exactmetrics_sitenote_note":"","_exactmetrics_sitenote_category":0},"_links":{"self":[{"href":"https:\/\/campuscastanhal.ufpa.br\/index.php?rest_route=\/wp\/v2\/pages\/16"}],"collection":[{"href":"https:\/\/campuscastanhal.ufpa.br\/index.php?rest_route=\/wp\/v2\/pages"}],"about":[{"href":"https:\/\/campuscastanhal.ufpa.br\/index.php?rest_route=\/wp\/v2\/types\/page"}],"author":[{"embeddable":true,"href":"https:\/\/campuscastanhal.ufpa.br\/index.php?rest_route=\/wp\/v2\/users\/2"}],"replies":[{"embeddable":true,"href":"https:\/\/campuscastanhal.ufpa.br\/index.php?rest_route=%2Fwp%2Fv2%2Fcomments&post=16"}],"version-history":[{"count":54,"href":"https:\/\/campuscastanhal.ufpa.br\/index.php?rest_route=\/wp\/v2\/pages\/16\/revisions"}],"predecessor-version":[{"id":6946,"href":"https:\/\/campuscastanhal.ufpa.br\/index.php?rest_route=\/wp\/v2\/pages\/16\/revisions\/6946"}],"up":[{"embeddable":true,"href":"https:\/\/campuscastanhal.ufpa.br\/index.php?rest_route=\/wp\/v2\/pages\/20"}],"wp:attachment":[{"href":"https:\/\/campuscastanhal.ufpa.br\/index.php?rest_route=%2Fwp%2Fv2%2Fmedia&parent=16"}],"curies":[{"name":"wp","href":"https:\/\/api.w.org\/{rel}","templated":true}]}}