{"id":165,"date":"2017-07-18T11:57:47","date_gmt":"2017-07-18T14:57:47","guid":{"rendered":"http:\/\/127.0.0.1\/UFPA\/?page_id=165"},"modified":"2024-03-11T10:30:20","modified_gmt":"2024-03-11T13:30:20","slug":"computacao","status":"publish","type":"page","link":"https:\/\/campuscastanhal.ufpa.br\/?page_id=165","title":{"rendered":"Faculdade de Computa\u00e7\u00e3o"},"content":{"rendered":"<ul class=\"nav2 nav-tabs nav-justified\" style=\"margin-left: 0px !important;\">\n<li class=\"active\" role=\"presentation\"><a>Hist\u00f3rico<\/a><\/li>\n<li role=\"presentation\"><a>Caracter\u00edsticas<\/a><\/li>\n<li role=\"presentation\"><a>Dire\u00e7\u00e3o<\/a><\/li>\n<li role=\"presentation\"><a>Docentes e T\u00e9cnicos<\/a><\/li>\n<li role=\"presentation\"><a>Infraestrutura<\/a><\/li>\n<\/ul>\n<p><!-- AQUI VAI O HIST\u00d3RICO --><\/p>\n<div class=\"A\" style=\"text-align: justify;\">\n<p><strong>Sistemas de Informa\u00e7\u00e3o e Engenharia de Computa\u00e7\u00e3o<\/strong><\/p>\n<p><strong>Hist\u00f3rico:<\/strong><br \/>\nNo ano de 2009 a Faculdade de Sistemas do Campus de Castanhal iniciou suas atividades com o Curso de Bacharelado em Sistemas de Informa\u00e7\u00e3o. Com o passar dos anos, foi transformada em Facomp \u2013 Faculdade de Computa\u00e7\u00e3o, passando a ofertar dois cursos em n\u00edvel de Bacharelado: Sistemas de Informa\u00e7\u00e3o e Engenharia de Computa\u00e7\u00e3o. Para consultar o Projeto Pedag\u00f3gico do Curso de Sistemas de Informa\u00e7\u00e3o, aprovado pela Resolu\u00e7\u00e3o 4.213, de 15 de dezembro de 2011, clique <strong><a href=\"https:\/\/facompcastanhal.ufpa.br\/index.php\/documentos-de-sistemas\/99-resolucao-de-aprovacao-do-ppc-de-sistemas-de-informacao\" target=\"_blank\" rel=\"noopener\">aqui<\/a><\/strong>. Para consultar o PPC de Engenharia de Computa\u00e7\u00e3o, clique <a href=\"https:\/\/facompcastanhal.ufpa.br\/index.php\/documentos-de-engenharia\/342-a-faculdade-de-computacao-disponibiliza-aos-alunos-o-projeto-pedagogico-de-curso\" target=\"_blank\" rel=\"noopener\"><strong>aqui<\/strong><\/a>. Para mais informa\u00e7\u00f5es sobre a Faculdade de Computa\u00e7\u00e3o, acesse o <strong><a href=\"https:\/\/www.facompcastanhal.ufpa.br\/\" target=\"_blank\" rel=\"noopener\">site<\/a><\/strong>.<\/p>\n<\/div>\n<div class=\"B\" style=\"text-align: justify;\">\n<p><strong>Sistemas de Informa\u00e7\u00e3o<\/strong><\/p>\n<p><strong>Objetivo do Curso:<\/strong><br \/>\nVisa \u00e0 forma\u00e7\u00e3o de recursos humanos para o desenvolvimento de Sistemas de Informa\u00e7\u00e3o nas diferentes \u00e1reas do conhecimento humano.<\/p>\n<p><strong>Caracter\u00edsticas gerais do curso:<\/strong><br \/>\n\u2022 <strong>Forma de Ingresso:<\/strong> por meio de processo seletivo a cargo da institui\u00e7\u00e3o<br \/>\n\u2022 <strong>N\u00famero de Vagas:<\/strong> 30<br \/>\n\u2022 <strong>Turno de Funcionamento:<\/strong> Diurno (Matutino e Vespertino)<br \/>\n\u2022 <strong>Modalidade de Oferta:<\/strong> Presencial<br \/>\n\u2022 <strong>T\u00edtulo conferido:<\/strong> Bacharel em Sistemas de Informa\u00e7\u00e3o<br \/>\n\u2022 <strong>Dura\u00e7\u00e3o:<\/strong> M\u00ednima de 8 semestres (4 anos) e m\u00e1ximo de 12 semestres (6 anos)<br \/>\n\u2022 <strong>Carga Hor\u00e1ria:<\/strong> 3.305 horas<br \/>\n\u2022 <strong>Per\u00edodo Letivo:<\/strong> Extensivo<br \/>\n\u2022 <strong>Regime Acad\u00eamico:<\/strong> Seriado<br \/>\n\u2022 <strong>Forma de oferta de atividades:<\/strong> modular e paralela<br \/>\n\u2022 <strong>Desenho curricular:<\/strong> atividades obrigat\u00f3rias e complementares, incluindo as disciplinas eletivas, o trabalho de conclus\u00e3o de curso e est\u00e1gio supervisionado.<\/p>\n<p><strong>Perfil do profissional egresso:<\/strong><br \/>\nOs bachar\u00e9is em Sistemas de Informa\u00e7\u00e3o estar\u00e3o aptos, entre outros, a exercerem atividades de planejamento e gerenciamento da informa\u00e7\u00e3o, coordenando equipes de trabalho e definindo a pertin\u00eancia do uso de recursos de TI espec\u00edficos para resolver problemas das organiza\u00e7\u00f5es, al\u00e9m de desenvolver sistemas computacionais utilizando novas t\u00e9cnicas de programa\u00e7\u00e3o, modelagem e simula\u00e7\u00e3o de sistemas, que garantam o emprego eficiente dos recursos computacionais no atendimento de necessidades das empresas.<\/p>\n<p><strong>Avalia\u00e7\u00f5es do MEC:<\/strong><br \/>\nEm 2012, o Curso de Sistemas de Informa\u00e7\u00e3o recebeu a visita dos avaliadores do MEC para o ato de reconhecimento. O curso recebeu, dentro da escala MEC de 1 a 5, nota final 3, a qual representa, de acordo com a Comiss\u00e3o Nacional de Avalia\u00e7\u00e3o da Educa\u00e7\u00e3o Superior, um perfil SUFICIENTE.<\/p>\n<p><strong>Engenharia de Computa\u00e7\u00e3o<\/strong><\/p>\n<p style=\"text-align: justify;\"><strong>Objetivo do curso:<\/strong><br \/>\nProver uma forma\u00e7\u00e3o que capacite o profissional para solu\u00e7\u00f5es de problemas do mundo real, por meio da concep\u00e7\u00e3o e implementa\u00e7\u00e3o de sistemas e modelos computacionais.<\/p>\n<p><strong>Caracter\u00edsticas Gerais do Curso:<\/strong><\/p>\n<ul>\n<li><strong>Forma de Ingresso:<\/strong>\u00a0por meio de processo seletivo a cargo da institui\u00e7\u00e3o<\/li>\n<li><strong>N\u00famero de Vagas:<\/strong>\u00a030<\/li>\n<li><strong>Turno de Funcionamento:<\/strong>\u00a0Matutino<\/li>\n<li><strong>Modalidade de Oferta:<\/strong>\u00a0Presencial<\/li>\n<li><strong>T\u00edtulo conferido:<\/strong>\u00a0Bacharel em Engenharia de Computa\u00e7\u00e3o<\/li>\n<li><strong>Dura\u00e7\u00e3o:<\/strong>\u00a0M\u00ednima de 10 semestres (5 anos) e m\u00e1ximo de 15 semestres (7,5 anos)<\/li>\n<li><strong>Carga hor\u00e1ria:<\/strong>\u00a03600 horas<\/li>\n<li><strong>Per\u00edodo Letivo:<\/strong>\u00a0Extensivo<\/li>\n<li><strong>Regime acad\u00eamico:<\/strong>\u00a0Seriado<\/li>\n<li style=\"text-align: justify;\"><strong>Desenho curricular:<\/strong>\u00a0atividades obrigat\u00f3rias e complementares, incluindo as disciplinas optativas e atividades cient\u00edfico-culturais; o trabalho de conclus\u00e3o de curso e est\u00e1gio supervisionado.<\/li>\n<\/ul>\n<p><strong>Perfil do egresso:<br \/>\n<\/strong>O egresso do curso de Engenharia de Computa\u00e7\u00e3o deve ter um perfil diversificado que abrange as diversas facetas da Computa\u00e7\u00e3o e da Engenharia, compreendendo constru\u00e7\u00e3o, programa\u00e7\u00e3o e aplica\u00e7\u00e3o de sistemas computacionais nos mais variados campos do conhecimento. Utilizar\u00e1 racioc\u00ednio l\u00f3gico e conhecimentos matem\u00e1ticos, cient\u00edficos, tecnol\u00f3gicos e instrumentais que estimulam sua atua\u00e7\u00e3o cr\u00edtica e criativa na identifica\u00e7\u00e3o e resolu\u00e7\u00e3o de problemas de engenharia, voltados aos diversos setores da economia.<\/p>\n<\/div>\n<div class=\"C\" style=\"text-align: justify;\">\n<p><strong>Dire\u00e7\u00e3o da Faculdade: <\/strong><br \/>\nDiretora: Profa. Dra. Yomara Pinheiro Pires<br \/>\nE-mail: \u00a0<a href=\"mailto:yomara.ufpa@gmail.com\" target=\"_blank\" rel=\"noopener\">yomara.ufpa@gmail.com<\/a><\/p>\n<p>Vice-Diretor: Prof. Dr. Igor Ruiz Gomes<br \/>\nE-mail: <a href=\"mailto:ruiz.gomes@gmail.com\" target=\"_blank\" rel=\"noopener\">ruiz.gomes@gmail.com<\/a><\/p>\n<p>Secret\u00e1ria: Williane Brasil dos Santos<br \/>\nContato: facompcastanhal@ufpa.br<\/p>\n<p>Coordenador de Est\u00e1gios da Facomp: Prof. Dr. T\u00e1ssio Costa de Carvalho<br \/>\nE-mail: estagiofacomp@ufpa.br<\/p>\n<p>Para mais informa\u00e7\u00f5es sobre a Facomp, acesse o <strong><a href=\"https:\/\/www.facompcastanhal.ufpa.br\/\" target=\"_blank\" rel=\"noopener\">site<\/a><\/strong>.<\/p>\n<\/div>\n<div class=\"D\">\n\n<table id=\"tablepress-7\" class=\"tablepress tablepress-id-7\">\n<thead>\n<tr class=\"row-1 odd\">\n\t<th class=\"column-1\">Docente<\/th><th class=\"column-2\">Titula\u00e7\u00e3o<\/th><th class=\"column-3\">Fun\u00e7\u00e3o<\/th><th class=\"column-4\">Vinculo<\/th><th class=\"column-5\">CH\/Dedica\u00e7\u00e3o Exclusiva<\/th><th class=\"column-6\">Lattes<\/th>\n<\/tr>\n<\/thead>\n<tbody class=\"row-hover\">\n<tr class=\"row-2 even\">\n\t<td class=\"column-1\">Adailton Magalh\u00e3es Lima<\/td><td class=\"column-2\">Doutor<\/td><td class=\"column-3\">Professor<\/td><td class=\"column-4\">Efetivo<\/td><td class=\"column-5\">40H - Dedica\u00e7\u00e3o Exclusiva<\/td><td class=\"column-6\"><a href=\"http:\/\/lattes.cnpq.br\/7008131394082394\" rel=\"noopener\" target=\"_blank\">Lattes<\/a><\/td>\n<\/tr>\n<tr class=\"row-3 odd\">\n\t<td class=\"column-1\">Adonney Allan de Oliveira Veras<\/td><td class=\"column-2\">Doutor<\/td><td class=\"column-3\">Professor<\/td><td class=\"column-4\">Efetivo<\/td><td class=\"column-5\">40H - Dedica\u00e7\u00e3o Exclusiva<\/td><td class=\"column-6\"><a href=\"http:\/\/lattes.cnpq.br\/2201652617167877\" rel=\"noopener\" target=\"_blank\">Lattes<\/a><\/td>\n<\/tr>\n<tr class=\"row-4 even\">\n\t<td class=\"column-1\">Bruno Souza Lyra Castro<\/td><td class=\"column-2\">Doutor<\/td><td class=\"column-3\">Professor<\/td><td class=\"column-4\">Efetivo<\/td><td class=\"column-5\">40H - Dedica\u00e7\u00e3o Exclusiva<\/td><td class=\"column-6\"><a href=\"http:\/\/lattes.cnpq.br\/1897829604434609\" rel=\"noopener\" target=\"_blank\">Lattes<\/a><\/td>\n<\/tr>\n<tr class=\"row-5 odd\">\n\t<td class=\"column-1\">Clenilson Rodrigues da Silveira<\/td><td class=\"column-2\">Doutor<\/td><td class=\"column-3\">Professor<\/td><td class=\"column-4\">Efetivo<\/td><td class=\"column-5\">40H - Dedica\u00e7\u00e3o Exclusiva<\/td><td class=\"column-6\"><a href=\"http:\/\/lattes.cnpq.br\/7008131394082394\" rel=\"noopener\" target=\"_blank\">Lattes<\/a><\/td>\n<\/tr>\n<tr class=\"row-6 even\">\n\t<td class=\"column-1\">Diogo Lobato Acatauass\u00fa Nunes<\/td><td class=\"column-2\">Doutor<\/td><td class=\"column-3\">Professor<\/td><td class=\"column-4\">Efetivo<\/td><td class=\"column-5\">40H - Dedica\u00e7\u00e3o Exclusiva<\/td><td class=\"column-6\"><a href=\"http:\/\/lattes.cnpq.br\/1972007941497086\" rel=\"noopener\" target=\"_blank\">Lattes<\/a><\/td>\n<\/tr>\n<tr class=\"row-7 odd\">\n\t<td class=\"column-1\">Fabio Nogueira Batista<\/td><td class=\"column-2\">Mestre<\/td><td class=\"column-3\">Professor<\/td><td class=\"column-4\">Efetivo<\/td><td class=\"column-5\">40H - Dedica\u00e7\u00e3o Exclusiva<\/td><td class=\"column-6\"><a href=\"http:\/\/lattes.cnpq.br\/0823046872278775\" rel=\"noopener\" target=\"_blank\">Lattes<\/a><\/td>\n<\/tr>\n<tr class=\"row-8 even\">\n\t<td class=\"column-1\">Hieda Adriana Nascimento Silva<\/td><td class=\"column-2\">Doutora<\/td><td class=\"column-3\">Professora<\/td><td class=\"column-4\">Efetivo<\/td><td class=\"column-5\">40H - Dedica\u00e7\u00e3o Exclusiva<\/td><td class=\"column-6\"><a href=\"http:\/\/lattes.cnpq.br\/8183567481192474\" rel=\"noopener\" target=\"_blank\">Lattes<\/a><\/td>\n<\/tr>\n<tr class=\"row-9 odd\">\n\t<td class=\"column-1\">Igor Ruiz Gomes<\/td><td class=\"column-2\">Doutor<\/td><td class=\"column-3\">Professor<\/td><td class=\"column-4\">Efetivo<\/td><td class=\"column-5\">40H - Dedica\u00e7\u00e3o Exclusiva<\/td><td class=\"column-6\"><a href=\"http:\/\/lattes.cnpq.br\/5538297000388112\" rel=\"noopener\" target=\"_blank\">Lattes<\/a><\/td>\n<\/tr>\n<tr class=\"row-10 even\">\n\t<td class=\"column-1\">Jo\u00e3o Claudio Chamma Carvalho<\/td><td class=\"column-2\">Doutor<\/td><td class=\"column-3\">Professor<\/td><td class=\"column-4\">Efetivo<\/td><td class=\"column-5\">40H - Dedica\u00e7\u00e3o Exclusiva<\/td><td class=\"column-6\"><a href=\"http:\/\/lattes.cnpq.br\/0180042946685458\" rel=\"noopener\" target=\"_blank\">Lattes<\/a><\/td>\n<\/tr>\n<tr class=\"row-11 odd\">\n\t<td class=\"column-1\">Jos\u00e9 Jailton Henrique Ferreira Junior<\/td><td class=\"column-2\">Doutor<\/td><td class=\"column-3\">Professor<\/td><td class=\"column-4\">Efetivo<\/td><td class=\"column-5\">40H - Dedica\u00e7\u00e3o Exclusiva<\/td><td class=\"column-6\"><a href=\"http:\/\/lattes.cnpq.br\/9031636126268760\" rel=\"noopener\" target=\"_blank\">Lattes<\/a><\/td>\n<\/tr>\n<tr class=\"row-12 even\">\n\t<td class=\"column-1\">Maria da Penha de Andrade Abi Harb<\/td><td class=\"column-2\">Mestre<\/td><td class=\"column-3\">Professora<\/td><td class=\"column-4\">Efetivo<\/td><td class=\"column-5\">40H - Dedica\u00e7\u00e3o Exclusiva<\/td><td class=\"column-6\"><a href=\"http:\/\/lattes.cnpq.br\/9096423264882104\" rel=\"noopener\" target=\"_blank\">Lattes<\/a><\/td>\n<\/tr>\n<tr class=\"row-13 odd\">\n\t<td class=\"column-1\">T\u00e1ssio Costa de Carvalho<\/td><td class=\"column-2\">Doutor<\/td><td class=\"column-3\">Professor<\/td><td class=\"column-4\">Efetivo<\/td><td class=\"column-5\">40H - Dedica\u00e7\u00e3o Exclusiva<\/td><td class=\"column-6\"><a href=\"http:\/\/lattes.cnpq.br\/4772364162256162\" rel=\"noopener\" target=\"_blank\">Lattes<\/a><\/td>\n<\/tr>\n<tr class=\"row-14 even\">\n\t<td class=\"column-1\">Thiago Ant\u00f4nio Sid\u00f4nio Coqueiro<\/td><td class=\"column-2\">Doutor<\/td><td class=\"column-3\">Professor<\/td><td class=\"column-4\">Efetivo<\/td><td class=\"column-5\">40H - Dedica\u00e7\u00e3o Exclusiva<\/td><td class=\"column-6\"><a href=\"http:\/\/lattes.cnpq.br\/7138516629071389\" rel=\"noopener\" target=\"_blank\">Lattes<\/a><\/td>\n<\/tr>\n<tr class=\"row-15 odd\">\n\t<td class=\"column-1\">Williane Brasil dos Santos<\/td><td class=\"column-2\">Mestra<\/td><td class=\"column-3\">T\u00e9cnica<\/td><td class=\"column-4\">Efetiva<\/td><td class=\"column-5\">40H - Dedica\u00e7\u00e3o Exclusiva<\/td><td class=\"column-6\"><a href=\"http:\/\/lattes.cnpq.br\/0265469819491358\" rel=\"noopener\" target=\"_blank\">Lattes<\/a><\/td>\n<\/tr>\n<tr class=\"row-16 even\">\n\t<td class=\"column-1\">Yomara Pinheiro Pires<\/td><td class=\"column-2\">Doutora<\/td><td class=\"column-3\">Professora<\/td><td class=\"column-4\">Efetivo<\/td><td class=\"column-5\">40H - Dedica\u00e7\u00e3o Exclusiva<\/td><td class=\"column-6\"><a href=\"http:\/\/lattes.cnpq.br\/5304797342599931\" rel=\"noopener\" target=\"_blank\">Lattes<\/a><\/td>\n<\/tr>\n<\/tbody>\n<\/table>\n<!-- #tablepress-7 from cache -->\n<\/div>\n<div class=\"E\" style=\"text-align: justify;\">\n<p><strong>Laborat\u00f3rios da Faculdade: <\/strong><\/p>\n<h3 class=\"sppb-addon-title sppb-feature-box-title\">Laborat\u00f3rio Steve Jobs<\/h3>\n<div class=\"sppb-addon-text\">\n<div>\n<ul>\n<li><strong>Local:<\/strong>\u00a01\u00ba andar do pr\u00e9dio FACOMP<\/li>\n<li><strong>Utiliza\u00e7\u00e3o:<\/strong>\u00a0Atividades pr\u00e1ticas de ensino<\/li>\n<li><strong>Recursos:<\/strong>\u00a0Kits com ardu\u00edno, mult\u00edmetros\u00a0e computadores<\/li>\n<li><strong>Capacidade:<\/strong>\u00a030 alunos<br \/>\n<h3 class=\"sppb-addon-title sppb-feature-box-title\">Laborat\u00f3rio Grace Hooper<\/h3>\n<div class=\"sppb-addon-text\">\n<div>\n<ul>\n<li><strong>Local:<\/strong>\u00a01\u00ba andar do pr\u00e9dio FACOMP<\/li>\n<li><strong>Utiliza\u00e7\u00e3o:<\/strong>\u00a0Atividades pr\u00e1ticas de ensino<\/li>\n<li><strong>Recursos:<\/strong>\u00a0Computadores<\/li>\n<li><strong>Capacidade:<\/strong>\u00a030 alunos<br \/>\n<h3 class=\"sppb-addon-title sppb-feature-box-title\">Laborat\u00f3rio Ada Lovelace<\/h3>\n<div class=\"sppb-addon-text\">\n<div>\n<ul>\n<li><strong>Local:<\/strong>\u00a01\u00ba andar do pr\u00e9dio FACOMP<\/li>\n<li><strong>Utiliza\u00e7\u00e3o:<\/strong>\u00a0atividades pr\u00e1ticas de ensino<\/li>\n<li><strong>Recursos:<\/strong>\u00a0Kits de eletr\u00f4nica digital, oscilosc\u00f3pios digitais, geradores de fun\u00e7\u00e3o, fontes de alimenta\u00e7\u00e3o MOD FA, kits did\u00e1ticos para microcontrolador e kit FPGA<\/li>\n<li><strong>Capacidade:<\/strong>\u00a030 alunos<br \/>\n<h3 class=\"sppb-addon-title sppb-feature-box-title\">Laborat\u00f3rio de Desenvolvimento de Sistemas<\/h3>\n<div class=\"sppb-addon-text\">\n<div>\n<ul>\n<li><strong>Local:<\/strong>\u00a0T\u00e9rreo do pr\u00e9dio administrativo<\/li>\n<li><strong>Utiliza\u00e7\u00e3o:<\/strong>\u00a0Atividades pr\u00e1ticas de ensino<\/li>\n<li><strong>Recursos:<\/strong>\u00a0Computadores, impressoras e datashows<\/li>\n<li><strong>Capacidade:<\/strong>\u00a015\u00a0alunos<\/li>\n<\/ul>\n<\/div>\n<\/div>\n<\/li>\n<\/ul>\n<\/div>\n<\/div>\n<\/li>\n<\/ul>\n<\/div>\n<\/div>\n<\/li>\n<\/ul>\n<\/div>\n<\/div>\n<\/div>\n","protected":false},"excerpt":{"rendered":"<p>Hist\u00f3rico Caracter\u00edsticas Dire\u00e7\u00e3o Docentes e T\u00e9cnicos Infraestrutura Sistemas de Informa\u00e7\u00e3o e Engenharia de Computa\u00e7\u00e3o Hist\u00f3rico: No ano de 2009 a Faculdade de Sistemas do Campus de Castanhal iniciou suas atividades com o Curso de Bacharelado em Sistemas de Informa\u00e7\u00e3o. Com o passar dos anos, foi transformada em Facomp \u2013 Faculdade de Computa\u00e7\u00e3o, passando a ofertar &hellip; <a href=\"https:\/\/campuscastanhal.ufpa.br\/?page_id=165\">Continue reading <span class=\"meta-nav\">&rarr;<\/span><\/a><\/p>\n","protected":false},"author":2,"featured_media":0,"parent":0,"menu_order":0,"comment_status":"closed","ping_status":"closed","template":"","meta":{"_exactmetrics_skip_tracking":false,"_exactmetrics_sitenote_active":false,"_exactmetrics_sitenote_note":"","_exactmetrics_sitenote_category":0},"_links":{"self":[{"href":"https:\/\/campuscastanhal.ufpa.br\/index.php?rest_route=\/wp\/v2\/pages\/165"}],"collection":[{"href":"https:\/\/campuscastanhal.ufpa.br\/index.php?rest_route=\/wp\/v2\/pages"}],"about":[{"href":"https:\/\/campuscastanhal.ufpa.br\/index.php?rest_route=\/wp\/v2\/types\/page"}],"author":[{"embeddable":true,"href":"https:\/\/campuscastanhal.ufpa.br\/index.php?rest_route=\/wp\/v2\/users\/2"}],"replies":[{"embeddable":true,"href":"https:\/\/campuscastanhal.ufpa.br\/index.php?rest_route=%2Fwp%2Fv2%2Fcomments&post=165"}],"version-history":[{"count":75,"href":"https:\/\/campuscastanhal.ufpa.br\/index.php?rest_route=\/wp\/v2\/pages\/165\/revisions"}],"predecessor-version":[{"id":6694,"href":"https:\/\/campuscastanhal.ufpa.br\/index.php?rest_route=\/wp\/v2\/pages\/165\/revisions\/6694"}],"wp:attachment":[{"href":"https:\/\/campuscastanhal.ufpa.br\/index.php?rest_route=%2Fwp%2Fv2%2Fmedia&parent=165"}],"curies":[{"name":"wp","href":"https:\/\/api.w.org\/{rel}","templated":true}]}}