{"id":182,"date":"2017-07-18T13:35:18","date_gmt":"2017-07-18T16:35:18","guid":{"rendered":"http:\/\/127.0.0.1\/UFPA\/?page_id=182"},"modified":"2022-03-18T09:13:46","modified_gmt":"2022-03-18T12:13:46","slug":"historico-do-campus","status":"publish","type":"page","link":"https:\/\/campuscastanhal.ufpa.br\/?page_id=182","title":{"rendered":"Hist\u00f3rico do Campus"},"content":{"rendered":"<p style=\"text-align: justify;\">Aos quatorze dias do m\u00eas de abril do ano de 1978, nesta Cidade de Castanhal, Estado do Par\u00e1, no Gin\u00e1sio de Esportes &#8220;Loyola Passarinho&#8221;, realizou-se a sess\u00e3o solene de assinatura do conv\u00eanio para a implanta\u00e7\u00e3o da Universidade Federal do Par\u00e1, atrav\u00e9s do N\u00facleo de Educa\u00e7\u00e3o e do Servi\u00e7o de Extens\u00e3o.<\/p>\n<p style=\"text-align: justify;\">A mesa dirigente dos trabalhos foi composta pelas seguintes autoridades:<\/p>\n<p style=\"text-align: justify;\">Dr. Aracy Amazonas Barreto &#8211; Magn\u00edfico Reitor da Universidade Federal do Par\u00e1;<br \/>\nDr. Geraldo Guimar\u00e3es &#8211; Vice-Reitor;<br \/>\nTen. Cel. Machado &#8211; Representante de Sua Ex\u00aa o Sr. Governador do Estado;<br \/>\nAlmir Tavares Lima &#8211; Prefeito de Castanhal (presidente da sess\u00e3o);<br \/>\nDr. Carlos Barbosa Pereira Lima &#8211; Vice Prefeito de Castanhal;<br \/>\nMaximino Porpino Filho &#8211; Assembl\u00e9ia Legislativa;<br \/>\nFrancisco Alves de Magalh\u00e3es Filho &#8211; Presidente da C\u00e2mara Municipal;<br \/>\nMaria de Nazar\u00e9 Espinheiro do Nascimento S\u00e1 \u2013 Professora da Universidade Federal do Par\u00e1;<br \/>\nEdil\u00e9ia Peres Figueiredo &#8211; Professora da Universidade Federal do Par\u00e1;<br \/>\nJussi\u00ea Gon\u00e7alves e Diniz Ferreira: Professores.<\/p>\n<p style=\"text-align: justify;\">\nOutras autoridades locais e da capital, al\u00e9m de professores e alunos, tamb\u00e9m prestigiaram a cerim\u00f4nia, iniciada \u00e0s 09h30 pelo Secret\u00e1rio Estadual de Educa\u00e7\u00e3o, Professor David Maria de Amorim S\u00e1, que fez em r\u00e1pido retrospecto da atua\u00e7\u00e3o da Universidade na cidade, convidando os presentes a entoarem o Hino do Par\u00e1. Em seguida, pronunciou-se o Prefeito de Castanhal, Almir Tavares Lima, externando a sua satisfa\u00e7\u00e3o e a dos demais Prefeitos vizinhos em ver implantada a Universidade, cujos cursos ir\u00e3o beneficiar as Zonas Bragantina, Guajarina e Salgado. Ap\u00f3s os pronunciamentos, houve a assinatura do Conv\u00eanio pelos senhores Dr. Aracy Amazonas Barreto, representando a Universidade Federal do Par\u00e1 e Almir Tavares Lima, representando a Prefeitura de Castanhal.<\/p>\n<p style=\"text-align: justify;\">Procedeu-se, em seguida, \u00e0 apresenta\u00e7\u00e3o do Madrigal Vilas Lobos, desta cidade, sob a ger\u00eancia do Maestro Carlos Oliveira. Em brilhante improviso, falou, a seguir, o representante da Comunidade, o Dr. Laurecio Melo, congratulando-se com a juventude pelos benef\u00edcios que, por certo, ir\u00e1 usufruir com as interioriza\u00e7\u00f5es da Universidade, quando novos horizontes abrem-se aos estudantes do interior. Maria Ivete Marques Pereira, em nome da classe estudantil, externou a satisfa\u00e7\u00e3o que a invade pelo acontecimento t\u00e3o significativo na vida educacional do Munic\u00edpio, tornando realidade uma aspira\u00e7\u00e3o h\u00e1 muito almejada. Como reconhecimento dos relevantes esfor\u00e7os feitos, no sentido de estender os servi\u00e7os da Universidade at\u00e9 esta Cidade, a Prefeitura local ofertou plaquetas de prata aos sub-reitores, Professores Diniz Ferreira, Jussi\u00ea Gon\u00e7alves e \u00c1pio Campos e ao Magn\u00edfico Reitor, Dr. Aracy Barreto.<\/p>\n<p style=\"text-align: justify;\">Dando continuidade \u00e0 solenidade, mais uma vez, apresentou-se o Madrigal, arrancando aplausos calorosos da plateia. Logo ap\u00f3s, o Dr. Aracy Barreto historiou os fatos que antecederam a implanta\u00e7\u00e3o da Universidade nesta cidade, enfatizando ter sido escolhida Castanhal para sede do N\u00facleo, em virtude de sua privilegiada situa\u00e7\u00e3o geogr\u00e1fica, apresentando condi\u00e7\u00f5es de abranger as tr\u00eas Zonas.<\/p>\n<p>Para conferir a RESOLU\u00c7\u00c3O N. 773, DE 18 DE DEZEMBRO DE 2017, que aprova o Regimento do Campus de Castanhal, clique <a href=\"https:\/\/sege.ufpa.br\/boletim_interno\/downloads\/resolucoes\/consun\/2017\/773_Altera%20Resolu%C3%A7%C3%A3o%20660-2009%20%20Regimento%20Interno%20Campus%20Castanhal.pdf\" target=\"_blank\" rel=\"noopener\">aqui<\/a>.<\/p>\n","protected":false},"excerpt":{"rendered":"<p>Aos quatorze dias do m\u00eas de abril do ano de 1978, nesta Cidade de Castanhal, Estado do Par\u00e1, no Gin\u00e1sio de Esportes &#8220;Loyola Passarinho&#8221;, realizou-se a sess\u00e3o solene de assinatura do conv\u00eanio para a implanta\u00e7\u00e3o da Universidade Federal do Par\u00e1, atrav\u00e9s do N\u00facleo de Educa\u00e7\u00e3o e do Servi\u00e7o de Extens\u00e3o. A mesa dirigente dos trabalhos &hellip; <a href=\"https:\/\/campuscastanhal.ufpa.br\/?page_id=182\">Continue reading <span class=\"meta-nav\">&rarr;<\/span><\/a><\/p>\n","protected":false},"author":2,"featured_media":0,"parent":0,"menu_order":0,"comment_status":"closed","ping_status":"closed","template":"","meta":{"_exactmetrics_skip_tracking":false,"_exactmetrics_sitenote_active":false,"_exactmetrics_sitenote_note":"","_exactmetrics_sitenote_category":0},"_links":{"self":[{"href":"https:\/\/campuscastanhal.ufpa.br\/index.php?rest_route=\/wp\/v2\/pages\/182"}],"collection":[{"href":"https:\/\/campuscastanhal.ufpa.br\/index.php?rest_route=\/wp\/v2\/pages"}],"about":[{"href":"https:\/\/campuscastanhal.ufpa.br\/index.php?rest_route=\/wp\/v2\/types\/page"}],"author":[{"embeddable":true,"href":"https:\/\/campuscastanhal.ufpa.br\/index.php?rest_route=\/wp\/v2\/users\/2"}],"replies":[{"embeddable":true,"href":"https:\/\/campuscastanhal.ufpa.br\/index.php?rest_route=%2Fwp%2Fv2%2Fcomments&post=182"}],"version-history":[{"count":6,"href":"https:\/\/campuscastanhal.ufpa.br\/index.php?rest_route=\/wp\/v2\/pages\/182\/revisions"}],"predecessor-version":[{"id":4837,"href":"https:\/\/campuscastanhal.ufpa.br\/index.php?rest_route=\/wp\/v2\/pages\/182\/revisions\/4837"}],"wp:attachment":[{"href":"https:\/\/campuscastanhal.ufpa.br\/index.php?rest_route=%2Fwp%2Fv2%2Fmedia&parent=182"}],"curies":[{"name":"wp","href":"https:\/\/api.w.org\/{rel}","templated":true}]}}