{"id":1878,"date":"2018-11-13T20:58:07","date_gmt":"2018-11-13T22:58:07","guid":{"rendered":"https:\/\/campuscastanhal.ufpa.br\/?page_id=1878"},"modified":"2024-12-03T14:41:47","modified_gmt":"2024-12-03T17:41:47","slug":"informacoes-sobre-o-instituto-de-medicina-veterinaria","status":"publish","type":"page","link":"https:\/\/campuscastanhal.ufpa.br\/?page_id=1878","title":{"rendered":"Informa\u00e7\u00f5es Sobre o Instituto de Medicina Veterin\u00e1ria"},"content":{"rendered":"\n<p>Para informa\u00e7\u00f5es sobre o Instituto de Medicina Veterin\u00e1ria, clique <a href=\"https:\/\/www.imv.ufpa.br\/\" data-type=\"URL\" data-id=\"https:\/\/www.imv.ufpa.br\/\" target=\"_blank\" rel=\"noreferrer noopener\"><strong>aqui<\/strong><\/a>.<\/p>\n","protected":false},"excerpt":{"rendered":"<p>Para informa\u00e7\u00f5es sobre o Instituto de Medicina Veterin\u00e1ria, clique aqui.<\/p>\n","protected":false},"author":2,"featured_media":0,"parent":0,"menu_order":0,"comment_status":"closed","ping_status":"closed","template":"","meta":{"_exactmetrics_skip_tracking":false,"_exactmetrics_sitenote_active":false,"_exactmetrics_sitenote_note":"","_exactmetrics_sitenote_category":0},"_links":{"self":[{"href":"https:\/\/campuscastanhal.ufpa.br\/index.php?rest_route=\/wp\/v2\/pages\/1878"}],"collection":[{"href":"https:\/\/campuscastanhal.ufpa.br\/index.php?rest_route=\/wp\/v2\/pages"}],"about":[{"href":"https:\/\/campuscastanhal.ufpa.br\/index.php?rest_route=\/wp\/v2\/types\/page"}],"author":[{"embeddable":true,"href":"https:\/\/campuscastanhal.ufpa.br\/index.php?rest_route=\/wp\/v2\/users\/2"}],"replies":[{"embeddable":true,"href":"https:\/\/campuscastanhal.ufpa.br\/index.php?rest_route=%2Fwp%2Fv2%2Fcomments&post=1878"}],"version-history":[{"count":10,"href":"https:\/\/campuscastanhal.ufpa.br\/index.php?rest_route=\/wp\/v2\/pages\/1878\/revisions"}],"predecessor-version":[{"id":7040,"href":"https:\/\/campuscastanhal.ufpa.br\/index.php?rest_route=\/wp\/v2\/pages\/1878\/revisions\/7040"}],"wp:attachment":[{"href":"https:\/\/campuscastanhal.ufpa.br\/index.php?rest_route=%2Fwp%2Fv2%2Fmedia&parent=1878"}],"curies":[{"name":"wp","href":"https:\/\/api.w.org\/{rel}","templated":true}]}}