{"id":2028,"date":"2018-12-06T23:24:29","date_gmt":"2018-12-07T01:24:29","guid":{"rendered":"https:\/\/campuscastanhal.ufpa.br\/?page_id=2028"},"modified":"2025-10-15T12:21:51","modified_gmt":"2025-10-15T15:21:51","slug":"templates-de-trabalhos-academicos","status":"publish","type":"page","link":"https:\/\/campuscastanhal.ufpa.br\/?page_id=2028","title":{"rendered":"Templates de Trabalhos Acad\u00eamicos"},"content":{"rendered":"<p><a href=\"https:\/\/docs.google.com\/document\/d\/1-7rJraELCu_Iz_DevPseVt6A2oKaDq8H\/edit?usp=sharing&amp;ouid=105273565647385418757&amp;rtpof=true&amp;sd=true\" target=\"_blank\" rel=\"noopener\">Template para TCC<\/a><\/p>\n<p><a href=\"https:\/\/docs.google.com\/document\/d\/1C9RqOKc6CyCpDikcDmTuPipW7ayXJGm5\/edit?usp=sharing&amp;ouid=105273565647385418757&amp;rtpof=true&amp;sd=true\" target=\"_blank\" rel=\"noopener\">Template para teses e disserta\u00e7\u00f5es<\/a><\/p>\n<p><a href=\"https:\/\/docs.google.com\/document\/d\/14-23PlJpFgaBqCuR9KMHaHoWf0Isc0a2\/edit?usp=sharing&amp;ouid=105273565647385418757&amp;rtpof=true&amp;sd=true\" target=\"_blank\" rel=\"noopener\">Template para projetos de pesquisa<\/a><\/p>\n<p><a href=\"https:\/\/docs.google.com\/document\/d\/13k4G75rPkY_QXSD1M0RHW4IJ3S2DdW_Z\/edit?usp=sharing&amp;ouid=105273565647385418757&amp;rtpof=true&amp;sd=true\" target=\"_blank\" rel=\"noopener\">Template para artigos t\u00e9cnico-cient\u00edficos<\/a><\/p>\n","protected":false},"excerpt":{"rendered":"<p>Template para TCC Template para teses e disserta\u00e7\u00f5es Template para projetos de pesquisa Template para artigos t\u00e9cnico-cient\u00edficos<\/p>\n","protected":false},"author":2,"featured_media":0,"parent":0,"menu_order":0,"comment_status":"closed","ping_status":"closed","template":"","meta":{"_exactmetrics_skip_tracking":false,"_exactmetrics_sitenote_active":false,"_exactmetrics_sitenote_note":"","_exactmetrics_sitenote_category":0},"_links":{"self":[{"href":"https:\/\/campuscastanhal.ufpa.br\/index.php?rest_route=\/wp\/v2\/pages\/2028"}],"collection":[{"href":"https:\/\/campuscastanhal.ufpa.br\/index.php?rest_route=\/wp\/v2\/pages"}],"about":[{"href":"https:\/\/campuscastanhal.ufpa.br\/index.php?rest_route=\/wp\/v2\/types\/page"}],"author":[{"embeddable":true,"href":"https:\/\/campuscastanhal.ufpa.br\/index.php?rest_route=\/wp\/v2\/users\/2"}],"replies":[{"embeddable":true,"href":"https:\/\/campuscastanhal.ufpa.br\/index.php?rest_route=%2Fwp%2Fv2%2Fcomments&post=2028"}],"version-history":[{"count":7,"href":"https:\/\/campuscastanhal.ufpa.br\/index.php?rest_route=\/wp\/v2\/pages\/2028\/revisions"}],"predecessor-version":[{"id":7388,"href":"https:\/\/campuscastanhal.ufpa.br\/index.php?rest_route=\/wp\/v2\/pages\/2028\/revisions\/7388"}],"wp:attachment":[{"href":"https:\/\/campuscastanhal.ufpa.br\/index.php?rest_route=%2Fwp%2Fv2%2Fmedia&parent=2028"}],"curies":[{"name":"wp","href":"https:\/\/api.w.org\/{rel}","templated":true}]}}