{"id":469,"date":"2017-08-31T03:04:44","date_gmt":"2017-08-31T06:04:44","guid":{"rendered":"http:\/\/127.0.0.1\/UFPA\/?page_id=469"},"modified":"2025-10-14T12:38:01","modified_gmt":"2025-10-14T15:38:01","slug":"letras","status":"publish","type":"page","link":"https:\/\/campuscastanhal.ufpa.br\/?page_id=469","title":{"rendered":"Faculdade de Letras &#8211; Portugu\u00eas"},"content":{"rendered":"<div id=\"Portugues\">\n<ul class=\"nav2 nav-tabs nav-justified\" style=\"margin-left: 0px !important;\">\n<li class=\"active\" role=\"presentation\"><a>Hist\u00f3rico<\/a><\/li>\n<li role=\"presentation\"><a>Caracter\u00edsticas<\/a><\/li>\n<li role=\"presentation\"><a>Dire\u00e7\u00e3o<\/a><\/li>\n<li role=\"presentation\"><a>Docentes e T\u00e9cnicos<\/a><\/li>\n<li role=\"presentation\"><a>Infraestrutura<\/a><\/li>\n<\/ul>\n<p><!-- AQUI VAI O HIST\u00d3RICO --><\/p>\n<div class=\"A\" style=\"text-align: justify;\"><span style=\"font-family: arial, helvetica, sans-serif;\"><strong>Hist\u00f3rico:<\/strong><\/span><br \/>\n<span style=\"font-family: arial, helvetica, sans-serif;\"> No ano de 1986 foi inaugurada a primeira turma de complementa\u00e7\u00e3o em L\u00edngua Portuguesa, destinada a professores da rede p\u00fablica de ensino, que buscavam concluir sua forma\u00e7\u00e3o em n\u00edvel superior.<\/span><\/p>\n<p style=\"text-align: justify;\"><span style=\"font-family: arial, helvetica, sans-serif;\">Em 21 de janeiro de 1992, com o objetivo de formar profissionais habilitados para ministrar L\u00edngua Portuguesa e Literatura (Brasileira e Portuguesa), no Ensino Fundamental e no Ensino M\u00e9dio, foi criado atrav\u00e9s da Resolu\u00e7\u00e3o do CONSEP N\u00ba 1.978 o Curso de Licenciatura em Letras com Habilita\u00e7\u00e3o em L\u00edngua Portuguesa na UFPA Campus Castanhal.<\/span><\/p>\n<p style=\"text-align: justify;\"><span style=\"font-family: arial, helvetica, sans-serif;\">A primeira turma regular de Licenciatura em Letras, com habilita\u00e7\u00e3o plena em L\u00edngua Portuguesa, foi iniciada em 1992, na Escola Municipal S\u00e3o Jo\u00e3o Bosco, no bairro do Cariri, no munic\u00edpio de Castanhal-PA e somente a partir de 1995 passou a funcionar na unidade principal do Campus Castanhal, no bairro Jaderl\u00e2ndia.<\/span><\/p>\n<p style=\"text-align: justify;\"><span style=\"font-family: arial, helvetica, sans-serif;\">No final de 2007, a partir da reestrutura\u00e7\u00e3o interna da Universidade Federal do Par\u00e1, os cursos, antes organizados em colegiados, foram transformados em faculdades, dessa forma a Faculdade de Letras passou a ser subunidade do Campus Universit\u00e1rio de Castanhal, com autonomia acad\u00eamica.<\/span><\/p>\n<p style=\"text-align: justify;\"><span style=\"font-family: arial, helvetica, sans-serif;\">O corpo docente da faculdade atua no sentido de proporcionar a implementa\u00e7\u00e3o e o fortalecimento da integra\u00e7\u00e3o de atividades de ensino e pesquisa-extens\u00e3o.<\/span><\/p>\n<\/div>\n<div class=\"B\">\n<p><strong>Caracter\u00edsticas gerais do curso:<\/strong><\/p>\n<p style=\"text-align: justify;\"><span style=\"font-family: arial, helvetica, sans-serif;\">O corpo docente da faculdade atua no sentido de proporcionar a implementa\u00e7\u00e3o e o fortalecimento da integra\u00e7\u00e3o de atividades de ensino e pesquisa-extens\u00e3o.<\/span><\/p>\n<\/div>\n<div class=\"C\"><strong>Coordena\u00e7\u00e3o da Faculdade<\/strong><\/div>\n<div><\/div>\n<div class=\"C\"><span style=\"font-size: revert; color: initial;\">Diretora: Profa. Dra. Gracineia dos Santos Ara\u00fajo<\/span><\/div>\n<div class=\"C\"><span style=\"font-size: revert; color: initial;\"><strong>E-mail<\/strong>: gracineia@ufpa.br \/ facletras@ufpa.br<\/span><\/div>\n<div class=\"C\"><span style=\"font-weight: 400;\">Vice-Diretora: Profa. Dra. Carmen L\u00facia Reis Rodrigues<\/span><\/div>\n<div class=\"C\"><span style=\"font-size: revert; color: initial;\"><strong>E-mail<\/strong>: carmenrodrigues89@yahoo.com<\/span><\/div>\n<div><\/div>\n<div class=\"C\"><strong style=\"font-size: revert; color: initial;\">Contato:<\/strong><\/div>\n<div class=\"C\">Secretaria: (91) 3311-4616\u00a0 \u00a0 \u00a0e-mail: facletrasufpa@gmail.com<\/div>\n<div class=\"D\"><strong>Corpo docente:<\/strong><br \/>\n\n<table id=\"tablepress-10\" class=\"tablepress tablepress-id-10\">\n<thead>\n<tr class=\"row-1 odd\">\n\t<th class=\"column-1\">Docentes                        <\/th><th class=\"column-2\">Titula\u00e7\u00e3o<\/th><th class=\"column-3\">Fun\u00e7\u00e3o<\/th><th class=\"column-4\">Vinculo<\/th><th class=\"column-5\">CH\/Dedica\u00e7\u00e3o Exclusiva<\/th><th class=\"column-6\">Lattes<\/th>\n<\/tr>\n<\/thead>\n<tbody class=\"row-hover\">\n<tr class=\"row-2 even\">\n\t<td class=\"column-1\">Alcides Fernandes de Lima<\/td><td class=\"column-2\">Doutor<\/td><td class=\"column-3\">Professor<\/td><td class=\"column-4\">Efetivo<\/td><td class=\"column-5\">40H - Dedica\u00e7\u00e3o Exclusiva<\/td><td class=\"column-6\"><a href=\"http:\/\/lattes.cnpq.br\/2565242209879834\" target=\"_blank\" rel=\"noopener\">Lattes<\/a><\/td>\n<\/tr>\n<tr class=\"row-3 odd\">\n\t<td class=\"column-1\">Carmen L\u00facia Reis Rodrigues<\/td><td class=\"column-2\">Doutora<\/td><td class=\"column-3\">Professora<\/td><td class=\"column-4\">Efetivo<\/td><td class=\"column-5\">40H - Dedica\u00e7\u00e3o Exclusiva<\/td><td class=\"column-6\"><a href=\"http:\/\/lattes.cnpq.br\/2766837148466800\"target=\"_blank\">Lattes<\/a><\/td>\n<\/tr>\n<tr class=\"row-4 even\">\n\t<td class=\"column-1\"><\/td><td class=\"column-2\"><\/td><td class=\"column-3\"><\/td><td class=\"column-4\"><\/td><td class=\"column-5\"><\/td><td class=\"column-6\"><\/td>\n<\/tr>\n<tr class=\"row-5 odd\">\n\t<td class=\"column-1\"><\/td><td class=\"column-2\"><\/td><td class=\"column-3\"><\/td><td class=\"column-4\"><\/td><td class=\"column-5\"><\/td><td class=\"column-6\"><\/td>\n<\/tr>\n<tr class=\"row-6 even\">\n\t<td class=\"column-1\">In\u00e9ia Damasceno Abreu<\/td><td class=\"column-2\">Mestre<\/td><td class=\"column-3\">Professora<\/td><td class=\"column-4\">Efetivo<\/td><td class=\"column-5\">40H - Dedica\u00e7\u00e3o Exclusiva<\/td><td class=\"column-6\"><a href=\"http:\/\/lattes.cnpq.br\/9753152928546622\"target=\"_blank\">Lattes<\/a><\/td>\n<\/tr>\n<tr class=\"row-7 odd\">\n\t<td class=\"column-1\">Jos\u00e9 Guilherme dos Santos Fernandes<\/td><td class=\"column-2\">Doutor<\/td><td class=\"column-3\">Professor<\/td><td class=\"column-4\">Efetivo<\/td><td class=\"column-5\">40H - Dedica\u00e7\u00e3o Exclusiva<\/td><td class=\"column-6\"><a href=\"http:\/\/lattes.cnpq.br\/7023812449790431\" rel=\"noopener\" target=\"_blank\">Lattes<\/a><\/td>\n<\/tr>\n<tr class=\"row-8 even\">\n\t<td class=\"column-1\">M\u00e1rcia Cristina Greco Ohuschi<\/td><td class=\"column-2\">Doutor<\/td><td class=\"column-3\">Professor<\/td><td class=\"column-4\">Efetivo<\/td><td class=\"column-5\">40H - Dedica\u00e7\u00e3o Exclusiva<\/td><td class=\"column-6\"><a href=\"http:\/\/M\u00e1rcia Cristina Greco Ohuschi\" rel=\"noopener\" target=\"_blank\">Lattes<\/a><\/td>\n<\/tr>\n<tr class=\"row-9 odd\">\n\t<td class=\"column-1\">Marcos Andr\u00e9 Dantas da Cunha<\/td><td class=\"column-2\">Doutor<\/td><td class=\"column-3\">Professor<\/td><td class=\"column-4\">Efetivo<\/td><td class=\"column-5\">40H - Dedica\u00e7\u00e3o Exclusiva<\/td><td class=\"column-6\"><a href=\"http:\/\/lattes.cnpq.br\/0195316299643772\" rel=\"noopener\" target=\"_blank\">Lattes<\/a><\/td>\n<\/tr>\n<tr class=\"row-10 even\">\n\t<td class=\"column-1\">Marcus Vinicius de Lima Oliveira<\/td><td class=\"column-2\">Especialista<\/td><td class=\"column-3\">Professor<\/td><td class=\"column-4\">Efetivo<\/td><td class=\"column-5\">40H - Dedica\u00e7\u00e3o Exclusiva<\/td><td class=\"column-6\"><\/td>\n<\/tr>\n<tr class=\"row-11 odd\">\n\t<td class=\"column-1\">S\u00e9rgio Afonso Gon\u00e7alves Alves<\/td><td class=\"column-2\">Doutor<\/td><td class=\"column-3\">Professor<\/td><td class=\"column-4\">Efetivo<\/td><td class=\"column-5\">40H - Dedica\u00e7\u00e3o Exclusiva<\/td><td class=\"column-6\"><a href=\"http:\/\/lattes.cnpq.br\/6595722536969648\" rel=\"noopener\" target=\"_blank\">Lattes<\/a><\/td>\n<\/tr>\n<tr class=\"row-12 even\">\n\t<td class=\"column-1\">Simone Negr\u00e3o de Freitas<\/td><td class=\"column-2\">Mestre<\/td><td class=\"column-3\">Professora<\/td><td class=\"column-4\">Efetivo<\/td><td class=\"column-5\">40H - Dedica\u00e7\u00e3o Exclusiva<\/td><td class=\"column-6\"><a href=\"http:\/\/lattes.cnpq.br\/1764295577353651\" rel=\"noopener\" target=\"_blank\">Lattes<\/a><\/td>\n<\/tr>\n<tr class=\"row-13 odd\">\n\t<td class=\"column-1\">Sylvia Maria Trusen<\/td><td class=\"column-2\">Doutora<\/td><td class=\"column-3\">Professora<\/td><td class=\"column-4\">Efetivo<\/td><td class=\"column-5\">40H - Dedica\u00e7\u00e3o Exclusiva<\/td><td class=\"column-6\"><a href=\"http:\/\/lattes.cnpq.br\/1704721088122823\" rel=\"noopener\" target=\"_blank\">Lattes<\/a><\/td>\n<\/tr>\n<tr class=\"row-14 even\">\n\t<td class=\"column-1\">Zilda Laura Ramalho Paiva<\/td><td class=\"column-2\">Doutora<\/td><td class=\"column-3\">Professora<\/td><td class=\"column-4\">Efetivo<\/td><td class=\"column-5\">40H - Dedica\u00e7\u00e3o Exclusiva<\/td><td class=\"column-6\"><a href=\"http:\/\/lattes.cnpq.br\/3059800888421594\" rel=\"noopener\" target=\"_blank\">Lattes<\/a><\/td>\n<\/tr>\n<\/tbody>\n<\/table>\n<!-- #tablepress-10 from cache --><br \/>\nReconhecimento do Curso de Letras &#8211; L\u00edngua Portuguesa<\/div>\n<div class=\"D\">Criado pelo Decreto N\u00ba 35.456 de 6 de maio de 1954.<\/div>\n<div class=\"E\">\n<p><strong>Infraestrutura<\/strong><\/p>\n<\/div>\n<\/div>\n","protected":false},"excerpt":{"rendered":"<p>Hist\u00f3rico Caracter\u00edsticas Dire\u00e7\u00e3o Docentes e T\u00e9cnicos Infraestrutura Hist\u00f3rico: No ano de 1986 foi inaugurada a primeira turma de complementa\u00e7\u00e3o em L\u00edngua Portuguesa, destinada a professores da rede p\u00fablica de ensino, que buscavam concluir sua forma\u00e7\u00e3o em n\u00edvel superior. Em 21 de janeiro de 1992, com o objetivo de formar profissionais habilitados para ministrar L\u00edngua Portuguesa &hellip; <a href=\"https:\/\/campuscastanhal.ufpa.br\/?page_id=469\">Continue reading <span class=\"meta-nav\">&rarr;<\/span><\/a><\/p>\n","protected":false},"author":2,"featured_media":0,"parent":0,"menu_order":0,"comment_status":"closed","ping_status":"closed","template":"","meta":{"_exactmetrics_skip_tracking":false,"_exactmetrics_sitenote_active":false,"_exactmetrics_sitenote_note":"","_exactmetrics_sitenote_category":0},"_links":{"self":[{"href":"https:\/\/campuscastanhal.ufpa.br\/index.php?rest_route=\/wp\/v2\/pages\/469"}],"collection":[{"href":"https:\/\/campuscastanhal.ufpa.br\/index.php?rest_route=\/wp\/v2\/pages"}],"about":[{"href":"https:\/\/campuscastanhal.ufpa.br\/index.php?rest_route=\/wp\/v2\/types\/page"}],"author":[{"embeddable":true,"href":"https:\/\/campuscastanhal.ufpa.br\/index.php?rest_route=\/wp\/v2\/users\/2"}],"replies":[{"embeddable":true,"href":"https:\/\/campuscastanhal.ufpa.br\/index.php?rest_route=%2Fwp%2Fv2%2Fcomments&post=469"}],"version-history":[{"count":37,"href":"https:\/\/campuscastanhal.ufpa.br\/index.php?rest_route=\/wp\/v2\/pages\/469\/revisions"}],"predecessor-version":[{"id":7386,"href":"https:\/\/campuscastanhal.ufpa.br\/index.php?rest_route=\/wp\/v2\/pages\/469\/revisions\/7386"}],"wp:attachment":[{"href":"https:\/\/campuscastanhal.ufpa.br\/index.php?rest_route=%2Fwp%2Fv2%2Fmedia&parent=469"}],"curies":[{"name":"wp","href":"https:\/\/api.w.org\/{rel}","templated":true}]}}