{"id":490,"date":"2017-09-01T20:24:35","date_gmt":"2017-09-01T23:24:35","guid":{"rendered":"http:\/\/monitoriacastanhal.ufpa.br\/?page_id=490"},"modified":"2023-09-12T11:54:45","modified_gmt":"2023-09-12T14:54:45","slug":"servicos-e-produtos","status":"publish","type":"page","link":"https:\/\/campuscastanhal.ufpa.br\/?page_id=490","title":{"rendered":"Servi\u00e7os e Produtos"},"content":{"rendered":"<p>Aos usu\u00e1rios da Biblioteca David S\u00e1 s\u00e3o oferecidos diversos servi\u00e7os e produtos, entre eles:<\/p>\n<ul>\n<li>\n<h3><sub><a href=\"http:\/\/bibcentral.ufpa.br\/pergamum\/biblioteca\/index.php?resolution2=800\" target=\"_blank\" rel=\"noopener\">Cat\u00e1logo online<\/a>;<\/sub><\/h3>\n<\/li>\n<li>\n<h3><sub><a href=\"\/?p=498\" target=\"_blank\" rel=\"noopener\">Cat\u00e1logos de TCC<\/a>;<\/sub><\/h3>\n<\/li>\n<li>\n<h3><sub>Empr\u00e9stimo domiciliar;<\/sub><\/h3>\n<\/li>\n<li>\n<h3><sub>Consulta local ao acervo;<\/sub><\/h3>\n<\/li>\n<li>\n<h3><sub>Servi\u00e7os online: Renova\u00e7\u00e3o de empr\u00e9stimo, reserva de material, consulta ao hist\u00f3rico de empr\u00e9stimo, ao material pendente etc.;<\/sub><\/h3>\n<\/li>\n<li>\n<h3><sub>Orienta\u00e7\u00e3o para normaliza\u00e7\u00e3o de trabalhos acad\u00eamicos (pelas normas da ABNT);<\/sub><\/h3>\n<\/li>\n<li>\n<h3><span style=\"font-size: 14px;\"><a href=\"https:\/\/www.gedweb.com.br\/ufpa\/\" target=\"_blank\" rel=\"noopener\">Target GEDWeb:<\/a> normas t\u00e9cnicas ABNT\/Mercosul e internacionais (ISO, IEC, DIN, BSI, AFNOR, AENOR, JIS, ASTM, ASME, API, IEEE, NFPA e outras) e documentos regulat\u00f3rios (INMETRO, ANEEL, ONS, Minist\u00e9rio da Sa\u00fade, MAPA, CONAMA etc.);<\/span><\/h3>\n<\/li>\n<li>\n<h3><sub>Ficha catalogr\u00e1fica;<\/sub><\/h3>\n<\/li>\n<li>\n<h3><sub>Capacita\u00e7\u00e3o de usu\u00e1rio;<\/sub><\/h3>\n<\/li>\n<li>\n<h3><sub>Empr\u00e9stimo entre Bibliotecas da UFPA;<\/sub><\/h3>\n<\/li>\n<li>\n<h3><sub>Servi\u00e7o gratuito de internet sem fio;<\/sub><\/h3>\n<\/li>\n<li>\n<h3><a href=\"https:\/\/campuscastanhal.ufpa.br\/wp-content\/uploads\/2023\/arquivos\/guia_usuario_biblioteca_david_sa_castanhal.pdf\" target=\"_blank\" rel=\"noopener\"><sub>Guia da comunidade.<\/sub><\/a><\/h3>\n<\/li>\n<\/ul>\n<p>Obs.: Consulte o Guia da comunidade para saber mais sobre os servi\u00e7os, produtos e as principais regras da Biblioteca.<\/p>\n","protected":false},"excerpt":{"rendered":"<p>Aos usu\u00e1rios da Biblioteca David S\u00e1 s\u00e3o oferecidos diversos servi\u00e7os e produtos, entre eles: Cat\u00e1logo online; Cat\u00e1logos de TCC; Empr\u00e9stimo domiciliar; Consulta local ao acervo; Servi\u00e7os online: Renova\u00e7\u00e3o de empr\u00e9stimo, reserva de material, consulta ao hist\u00f3rico de empr\u00e9stimo, ao material pendente etc.; Orienta\u00e7\u00e3o para normaliza\u00e7\u00e3o de trabalhos acad\u00eamicos (pelas normas da ABNT); Target GEDWeb: normas &hellip; <a href=\"https:\/\/campuscastanhal.ufpa.br\/?page_id=490\">Continue reading <span class=\"meta-nav\">&rarr;<\/span><\/a><\/p>\n","protected":false},"author":2,"featured_media":0,"parent":0,"menu_order":0,"comment_status":"closed","ping_status":"closed","template":"","meta":{"_exactmetrics_skip_tracking":false,"_exactmetrics_sitenote_active":false,"_exactmetrics_sitenote_note":"","_exactmetrics_sitenote_category":0},"_links":{"self":[{"href":"https:\/\/campuscastanhal.ufpa.br\/index.php?rest_route=\/wp\/v2\/pages\/490"}],"collection":[{"href":"https:\/\/campuscastanhal.ufpa.br\/index.php?rest_route=\/wp\/v2\/pages"}],"about":[{"href":"https:\/\/campuscastanhal.ufpa.br\/index.php?rest_route=\/wp\/v2\/types\/page"}],"author":[{"embeddable":true,"href":"https:\/\/campuscastanhal.ufpa.br\/index.php?rest_route=\/wp\/v2\/users\/2"}],"replies":[{"embeddable":true,"href":"https:\/\/campuscastanhal.ufpa.br\/index.php?rest_route=%2Fwp%2Fv2%2Fcomments&post=490"}],"version-history":[{"count":12,"href":"https:\/\/campuscastanhal.ufpa.br\/index.php?rest_route=\/wp\/v2\/pages\/490\/revisions"}],"predecessor-version":[{"id":6346,"href":"https:\/\/campuscastanhal.ufpa.br\/index.php?rest_route=\/wp\/v2\/pages\/490\/revisions\/6346"}],"wp:attachment":[{"href":"https:\/\/campuscastanhal.ufpa.br\/index.php?rest_route=%2Fwp%2Fv2%2Fmedia&parent=490"}],"curies":[{"name":"wp","href":"https:\/\/api.w.org\/{rel}","templated":true}]}}