{"id":5857,"date":"2023-04-20T14:40:44","date_gmt":"2023-04-20T17:40:44","guid":{"rendered":"https:\/\/campuscastanhal.ufpa.br\/?page_id=5857"},"modified":"2026-03-17T12:16:06","modified_gmt":"2026-03-17T15:16:06","slug":"faculdade-de-letras-espanhol","status":"publish","type":"page","link":"https:\/\/campuscastanhal.ufpa.br\/?page_id=5857","title":{"rendered":"Faculdade de Letras &#8211; Espanhol"},"content":{"rendered":"<div id=\"Espanhol\">\n<ul class=\"nav2 nav-tabs nav-justified\" style=\"margin-left: 0px !important;\">\n<li class=\"active\" role=\"presentation\"><a>Hist\u00f3rico<\/a><\/li>\n<li role=\"presentation\"><a>Dire\u00e7\u00e3o<\/a><\/li>\n<li role=\"presentation\"><a>Contato<\/a><\/li>\n<li role=\"presentation\"><a>Docentes e T\u00e9cnicos<\/a><\/li>\n<\/ul>\n<p><!-- AQUI VAI O HIST\u00d3RICO --><\/p>\n<div class=\"A\" style=\"text-align: justify;\">\n<p><span style=\"font-family: arial, helvetica, sans-serif;\"><strong>Hist\u00f3rico:<\/strong><\/span><\/p>\n<p style=\"text-align: justify;\"><span style=\"font-family: arial, helvetica, sans-serif;\">O Curso de L\u00edngua Espanhola iniciou no Campus Universit\u00e1rio de Castanhal em 2009, a partir do movimento de expans\u00e3o de vagas pelo Reuni. Esse movimento possibilitou a implanta\u00e7\u00e3o do curso, seguindo o mesmo modelo implantado no Campus de Bel\u00e9m, em 2004, uma vez que o curso ainda n\u00e3o possu\u00eda projeto pedag\u00f3gico pr\u00f3prio. Com as exig\u00eancias das novas diretrizes do MEC, os cursos precisariam ser repensados e redefinidos, a fim de que fossem adequados \u00e0s novas demandas hist\u00f3ricas e sociais. O presente Projeto Pol\u00edtico Pedag\u00f3gico, que toma como base o modelo adotado em Bel\u00e9m, implementa altera\u00e7\u00f5es a esse modelo e ajusta-se \u00e0 realidade do Campus de Castanhal. Al\u00e9m disso, o Curso de L\u00edngua Espanhola em Castanhal necessita ter sua pr\u00f3pria identidade, uma vez que a realidade na qual estamos inseridos exige um perfil de profissional capacitado para atuar em contextos urbanos e rurais. <\/span><\/p>\n<p style=\"text-align: justify;\"><span style=\"font-family: arial, helvetica, sans-serif;\">Para conhecer a resolu\u00e7\u00e3o do Projeto Pedag\u00f3gico do Curso de Letras &#8211; Espanhol aprovado em 2023, clique <\/span><a href=\"https:\/\/campuscastanhal.ufpa.br\/wp-content\/uploads\/2026\/pdf\/RESOLUCAO_PPC_Lingua_Espanhola_Castanhal.pdf\"><strong><u>aqui.<\/u><\/strong><u><\/u><\/a><\/p>\n<\/div>\n<div class=\"B\"><strong>Coordena\u00e7\u00e3o do Curso<\/strong><br \/>\nCoordenadora: Profa. Dra. Carmen L\u00facia Reis Rodrigues \/ facletras@ufpa.br<br \/>\nSecret\u00e1rio: Jos\u00e9 Ribamar Chaves Ferreira \/ facletrasufpa@gmail.com<\/div>\n<div class=\"C\"><strong>Contato:<\/strong><br \/>\nSecretaria: (91) 3311-4616<\/div>\n<div class=\"D\"><strong>Corpo docente:<\/strong><br \/>\n\n<table id=\"tablepress-14\" class=\"tablepress tablepress-id-14\">\n<thead>\n<tr class=\"row-1 odd\">\n\t<th class=\"column-1\">Docentes<\/th><th class=\"column-2\">Titula\u00e7\u00e3o<\/th><th class=\"column-3\">Fun\u00e7\u00e3o<\/th><th class=\"column-4\">V\u00ednculo<\/th><th class=\"column-5\">CH\/DEDICA\u00c7\u00c3O EXCLUSIVA<\/th><th class=\"column-6\">Lattes<\/th>\n<\/tr>\n<\/thead>\n<tbody class=\"row-hover\">\n<tr class=\"row-2 even\">\n\t<td class=\"column-1\"><\/td><td class=\"column-2\"><\/td><td class=\"column-3\"><\/td><td class=\"column-4\"><\/td><td class=\"column-5\"><\/td><td class=\"column-6\"><\/td>\n<\/tr>\n<tr class=\"row-3 odd\">\n\t<td class=\"column-1\">George Hamilton Pellegrini Ferreira<\/td><td class=\"column-2\">Doutor<\/td><td class=\"column-3\">Professor<\/td><td class=\"column-4\">Efetivo<\/td><td class=\"column-5\">40 - Dedica\u00e7\u00e3o Exclusiva<\/td><td class=\"column-6\"><a href=\"http:\/\/lattes.cnpq.br\/7750629560808467\" rel=\"noopener\" target=\"_blank\">Lattes<\/a><\/td>\n<\/tr>\n<tr class=\"row-4 even\">\n\t<td class=\"column-1\">Gracineia dos Santos Ara\u00fajo<\/td><td class=\"column-2\">Doutora<\/td><td class=\"column-3\">Professora<\/td><td class=\"column-4\">Efetivo<\/td><td class=\"column-5\">40 - Dedica\u00e7\u00e3o Exclusiva<\/td><td class=\"column-6\"><a href=\"http:\/\/lattes.cnpq.br\/7421183915733725\" rel=\"noopener\" target=\"_blank\">Lattes<\/a><\/td>\n<\/tr>\n<tr class=\"row-5 odd\">\n\t<td class=\"column-1\">Ineia Damasceno Abreu<\/td><td class=\"column-2\">Doutora<\/td><td class=\"column-3\">Professora<\/td><td class=\"column-4\">Efetivo<\/td><td class=\"column-5\">40 - Dedica\u00e7\u00e3o Exclusiva<\/td><td class=\"column-6\"><a href=\"http:\/\/lattes.cnpq.br\/9753152928546622\" rel=\"noopener\" target=\"_blank\">Lattes<\/a><\/td>\n<\/tr>\n<tr class=\"row-6 even\">\n\t<td class=\"column-1\">Iris de Fatima Lima Barbosa<\/td><td class=\"column-2\">Doutora<\/td><td class=\"column-3\">Professora<\/td><td class=\"column-4\">Efetivo<\/td><td class=\"column-5\">40 - Dedica\u00e7\u00e3o Exclusiva<\/td><td class=\"column-6\"><a href=\"http:\/\/lattes.cnpq.br\/7008131394082394\" rel=\"noopener\" target=\"_blank\">Lattes<\/a><\/td>\n<\/tr>\n<tr class=\"row-7 odd\">\n\t<td class=\"column-1\">Ivan Pereira de Souza<\/td><td class=\"column-2\">Doutor<\/td><td class=\"column-3\">Professor<\/td><td class=\"column-4\">Efetivo<\/td><td class=\"column-5\">40 - Dedica\u00e7\u00e3o Exclusiva<\/td><td class=\"column-6\"><a href=\"http:\/\/lattes.cnpq.br\/8428374955029323\" rel=\"noopener\" target=\"_blank\">Lattes<\/a><\/td>\n<\/tr>\n<tr class=\"row-8 even\">\n\t<td class=\"column-1\">Janderson Martins dos Santos<\/td><td class=\"column-2\">Doutor<\/td><td class=\"column-3\">Professor<\/td><td class=\"column-4\">Efetivo<\/td><td class=\"column-5\">40 - Dedica\u00e7\u00e3o Exclusiva<\/td><td class=\"column-6\"><a href=\"http:\/\/lattes.cnpq.br\/9522420613422714\" rel=\"noopener\" target=\"_blank\">Lattes<\/a><\/td>\n<\/tr>\n<\/tbody>\n<\/table>\n<!-- #tablepress-14 from cache --><br \/>\nReconhecimento do Curso de Letras &#8211; L\u00edngua Espanhola<\/div>\n<\/div>\n","protected":false},"excerpt":{"rendered":"<p>Hist\u00f3rico Dire\u00e7\u00e3o Contato Docentes e T\u00e9cnicos Hist\u00f3rico: O Curso de L\u00edngua Espanhola iniciou no Campus Universit\u00e1rio de Castanhal em 2009, a partir do movimento de expans\u00e3o de vagas pelo Reuni. Esse movimento possibilitou a implanta\u00e7\u00e3o do curso, seguindo o mesmo modelo implantado no Campus de Bel\u00e9m, em 2004, uma vez que o curso ainda n\u00e3o &hellip; <a href=\"https:\/\/campuscastanhal.ufpa.br\/?page_id=5857\">Continue reading <span class=\"meta-nav\">&rarr;<\/span><\/a><\/p>\n","protected":false},"author":2,"featured_media":0,"parent":0,"menu_order":0,"comment_status":"closed","ping_status":"closed","template":"","meta":{"_exactmetrics_skip_tracking":false,"_exactmetrics_sitenote_active":false,"_exactmetrics_sitenote_note":"","_exactmetrics_sitenote_category":0},"_links":{"self":[{"href":"https:\/\/campuscastanhal.ufpa.br\/index.php?rest_route=\/wp\/v2\/pages\/5857"}],"collection":[{"href":"https:\/\/campuscastanhal.ufpa.br\/index.php?rest_route=\/wp\/v2\/pages"}],"about":[{"href":"https:\/\/campuscastanhal.ufpa.br\/index.php?rest_route=\/wp\/v2\/types\/page"}],"author":[{"embeddable":true,"href":"https:\/\/campuscastanhal.ufpa.br\/index.php?rest_route=\/wp\/v2\/users\/2"}],"replies":[{"embeddable":true,"href":"https:\/\/campuscastanhal.ufpa.br\/index.php?rest_route=%2Fwp%2Fv2%2Fcomments&post=5857"}],"version-history":[{"count":12,"href":"https:\/\/campuscastanhal.ufpa.br\/index.php?rest_route=\/wp\/v2\/pages\/5857\/revisions"}],"predecessor-version":[{"id":7479,"href":"https:\/\/campuscastanhal.ufpa.br\/index.php?rest_route=\/wp\/v2\/pages\/5857\/revisions\/7479"}],"wp:attachment":[{"href":"https:\/\/campuscastanhal.ufpa.br\/index.php?rest_route=%2Fwp%2Fv2%2Fmedia&parent=5857"}],"curies":[{"name":"wp","href":"https:\/\/api.w.org\/{rel}","templated":true}]}}