{"id":858,"date":"2017-12-18T11:11:02","date_gmt":"2017-12-18T13:11:02","guid":{"rendered":"https:\/\/campuscastanhal.ufpa.br\/?page_id=858"},"modified":"2023-04-20T14:41:04","modified_gmt":"2023-04-20T17:41:04","slug":"subunidades","status":"publish","type":"page","link":"https:\/\/campuscastanhal.ufpa.br\/?page_id=858","title":{"rendered":"Subunidades"},"content":{"rendered":"<p>Subunidades do campus:<\/p>\n<ul>\n<li><a href=\"https:\/\/campuscastanhal.ufpa.br\/?page_id=158\">Faculdade de Matem\u00e1tica<\/a>.<\/li>\n<li><a href=\"https:\/\/campuscastanhal.ufpa.br\/?page_id=165\">Faculdade de Computa\u00e7\u00e3o<\/a>.<\/li>\n<li><a href=\"https:\/\/campuscastanhal.ufpa.br\/?page_id=161\">Faculdade de Pedagogia<\/a>.<\/li>\n<li><a href=\"https:\/\/campuscastanhal.ufpa.br\/?page_id=149\">Faculdade de Educa\u00e7\u00e3o F\u00edsica<\/a>.<\/li>\n<li><a href=\"https:\/\/campuscastanhal.ufpa.br\/?page_id=469\">Faculdade de Letras &#8211; Portugu\u00eas<\/a>.<\/li>\n<li><a href=\"https:\/\/campuscastanhal.ufpa.br\/?page_id=5857\">Faculdade de Letras &#8211; Espanhol<\/a>.<\/li>\n<li><a href=\"https:\/\/campuscastanhal.ufpa.br\/?page_id=863\">PROFMAT<\/a>.<\/li>\n<li><a href=\"https:\/\/campuscastanhal.ufpa.br\/?page_id=869\">PPGEAA<\/a>.<\/li>\n<\/ul>\n","protected":false},"excerpt":{"rendered":"<p>Subunidades do campus: Faculdade de Matem\u00e1tica. Faculdade de Computa\u00e7\u00e3o. Faculdade de Pedagogia. Faculdade de Educa\u00e7\u00e3o F\u00edsica. Faculdade de Letras &#8211; Portugu\u00eas. Faculdade de Letras &#8211; Espanhol. PROFMAT. PPGEAA.<\/p>\n","protected":false},"author":2,"featured_media":0,"parent":0,"menu_order":0,"comment_status":"closed","ping_status":"closed","template":"","meta":{"_exactmetrics_skip_tracking":false,"_exactmetrics_sitenote_active":false,"_exactmetrics_sitenote_note":"","_exactmetrics_sitenote_category":0},"_links":{"self":[{"href":"https:\/\/campuscastanhal.ufpa.br\/index.php?rest_route=\/wp\/v2\/pages\/858"}],"collection":[{"href":"https:\/\/campuscastanhal.ufpa.br\/index.php?rest_route=\/wp\/v2\/pages"}],"about":[{"href":"https:\/\/campuscastanhal.ufpa.br\/index.php?rest_route=\/wp\/v2\/types\/page"}],"author":[{"embeddable":true,"href":"https:\/\/campuscastanhal.ufpa.br\/index.php?rest_route=\/wp\/v2\/users\/2"}],"replies":[{"embeddable":true,"href":"https:\/\/campuscastanhal.ufpa.br\/index.php?rest_route=%2Fwp%2Fv2%2Fcomments&post=858"}],"version-history":[{"count":4,"href":"https:\/\/campuscastanhal.ufpa.br\/index.php?rest_route=\/wp\/v2\/pages\/858\/revisions"}],"predecessor-version":[{"id":5859,"href":"https:\/\/campuscastanhal.ufpa.br\/index.php?rest_route=\/wp\/v2\/pages\/858\/revisions\/5859"}],"wp:attachment":[{"href":"https:\/\/campuscastanhal.ufpa.br\/index.php?rest_route=%2Fwp%2Fv2%2Fmedia&parent=858"}],"curies":[{"name":"wp","href":"https:\/\/api.w.org\/{rel}","templated":true}]}}