{"id":869,"date":"2017-12-18T11:50:54","date_gmt":"2017-12-18T13:50:54","guid":{"rendered":"https:\/\/campuscastanhal.ufpa.br\/?page_id=869"},"modified":"2025-03-21T15:44:30","modified_gmt":"2025-03-21T18:44:30","slug":"ppgeaa-programa-de-pos-graduacao-em-estudos-antropicos-na-amazonia","status":"publish","type":"page","link":"https:\/\/campuscastanhal.ufpa.br\/?page_id=869","title":{"rendered":"PPGEAA &#8211; Programa de P\u00f3s-Gradua\u00e7\u00e3o em Estudos Antr\u00f3picos na Amaz\u00f4nia"},"content":{"rendered":"<ul class=\"nav2 nav-tabs nav-justified\" style=\"margin-left: 0px !important;\">\n<li class=\"active\" role=\"presentation\"><a>Apresenta\u00e7\u00e3o do Programa<\/a><\/li>\n<li role=\"presentation\"><a>Coordena\u00e7\u00e3o<\/a><\/li>\n<li role=\"presentation\"><a>Mais Informa\u00e7\u00f5es<\/a><\/li>\n<\/ul>\n<p><!-- AQUI VAI O HIST\u00d3RICO --><\/p>\n<div class=\"A\" style=\"text-align: justify;\">\n<p><strong>Apresenta\u00e7\u00e3o:<\/strong><\/p>\n<p>O Programa de P\u00f3s-Gradua\u00e7\u00e3o em Estudos Antr\u00f3picos na Amaz\u00f4nia (PPGEAA) integra o campus Castanhal da Universidade Federal do Par\u00e1 (UFPA) e iniciou suas atividades em 2017 com o curso de Mestrado Acad\u00eamico.<\/p>\n<p>\u00c9 constitu\u00eddo a partir de uma \u00c1rea de Concentra\u00e7\u00e3o: Estudos Antr\u00f3picos; e duas Linhas de Pesquisa: Ambientes, Sa\u00fade e Pr\u00e1ticas Culturais; e Linguagens, Tecnologias e Saberes Culturais.<\/p>\n<p>O Mestrado \u00e9 voltado para todos os portadores de diploma superior, independentemente da \u00e1rea de forma\u00e7\u00e3o, que desejem fomentar a forma\u00e7\u00e3o continuada stricto sensu e a pr\u00e1tica em pesquisa, a partir da experi\u00eancia com diferentes sociobiodiversidades e intera\u00e7\u00e3o de saberes, mediante a an\u00e1lise, interpreta\u00e7\u00e3o e proposi\u00e7\u00e3o de diversos saberes, discursos e pr\u00e1ticas geradas por a\u00e7\u00f5es antr\u00f3picas na regi\u00e3o.<\/p>\n<p>Tem como objetivos: investigar as diferentes formas de antropismo na regi\u00e3o amaz\u00f4nica; mapear e compreender as imbrica\u00e7\u00f5es epistemol\u00f3gicas das diversas realidades e modelos culturais e cient\u00edficos de inser\u00e7\u00e3o do humano na regi\u00e3o; estabelecer a descentraliza\u00e7\u00e3o da produ\u00e7\u00e3o de conhecimentos sobre a Amaz\u00f4nia, mediante o comparativismo e a complementa\u00e7\u00e3o de pr\u00e1ticas e discursos acad\u00eamicos; propor estudos cr\u00edticos da realidade local, interagindo e incluindo os diversos saberes locais, em perspectiva intercultural; propor pr\u00e1ticas interdisciplinares de estudo das realidades locais, propondo solu\u00e7\u00f5es inovadoras para problemas gerados pelo antropismo.<\/p>\n<p>Ao final, o egresso do PPGEAA dever\u00e1 estar apto a planejar, coordenar e executar pesquisas cient\u00edficas em ambientes multissetoriais; transitar entre as diversas disciplinas estudadas, sendo capaz de trabalhar em grupos multidisciplinares em perspectiva interdisciplinar; auxiliar na constru\u00e7\u00e3o de epistemologias acordadas com a realidade local\/regional e com os saberes diversos da regi\u00e3o, em perspectiva intercultural; al\u00e9m de ter a capacidade de problematizar a sua realidade, construindo uma pr\u00e1xis cient\u00edficos.<\/p>\n<p>O corpo docente do Programa \u00e9 formado por um grupo de 14 professores, sendo dois colaboradores. Os processos seletivos possuem periodicidade anual, com oferta de 24 vagas.<\/p>\n<\/div>\n<div class=\"B\">\n<p><strong>Coordenador:<\/strong><\/p>\n<p>Prof. Dr. Jos\u00e9 Guilherme dos Santos Fernandes<br \/>\nE-mail: mojuim@uol.com.br<br \/>\n<a href=\"http:\/\/lattes.cnpq.br\/7023812449790431\" target=\"_blank\" rel=\"noopener\">Lattes<\/a><\/p>\n<p><strong>Vice-Coordenador:<\/strong><\/p>\n<p>prof. Dr. Marcos Cesar da Rocha Seruffo<br \/>\nE-mail: marcos.seruffo@gmail.com<br \/>\n<a href=\"http:\/\/lattes.cnpq.br\/3794198610723464\" target=\"_blank\" rel=\"noopener\">Lattes<\/a><\/div>\n<div class=\"C\">\n<p><strong>Mais Informa\u00e7\u00f5es:<\/strong><\/p>\n<p>Mais informa\u00e7\u00f5es sobre o programa PPGEAA podem ser encontradas <a href=\"http:\/\/www.ppgeaa.propesp.ufpa.br\/index.php\" target=\"_blank\" rel=\"noopener\">aqui<\/a>.<\/p>\n<\/div>\n","protected":false},"excerpt":{"rendered":"<p>Apresenta\u00e7\u00e3o do Programa Coordena\u00e7\u00e3o Mais Informa\u00e7\u00f5es Apresenta\u00e7\u00e3o: O Programa de P\u00f3s-Gradua\u00e7\u00e3o em Estudos Antr\u00f3picos na Amaz\u00f4nia (PPGEAA) integra o campus Castanhal da Universidade Federal do Par\u00e1 (UFPA) e iniciou suas atividades em 2017 com o curso de Mestrado Acad\u00eamico. \u00c9 constitu\u00eddo a partir de uma \u00c1rea de Concentra\u00e7\u00e3o: Estudos Antr\u00f3picos; e duas Linhas de Pesquisa: &hellip; <a href=\"https:\/\/campuscastanhal.ufpa.br\/?page_id=869\">Continue reading <span class=\"meta-nav\">&rarr;<\/span><\/a><\/p>\n","protected":false},"author":2,"featured_media":0,"parent":0,"menu_order":0,"comment_status":"closed","ping_status":"closed","template":"","meta":{"_exactmetrics_skip_tracking":false,"_exactmetrics_sitenote_active":false,"_exactmetrics_sitenote_note":"","_exactmetrics_sitenote_category":0},"_links":{"self":[{"href":"https:\/\/campuscastanhal.ufpa.br\/index.php?rest_route=\/wp\/v2\/pages\/869"}],"collection":[{"href":"https:\/\/campuscastanhal.ufpa.br\/index.php?rest_route=\/wp\/v2\/pages"}],"about":[{"href":"https:\/\/campuscastanhal.ufpa.br\/index.php?rest_route=\/wp\/v2\/types\/page"}],"author":[{"embeddable":true,"href":"https:\/\/campuscastanhal.ufpa.br\/index.php?rest_route=\/wp\/v2\/users\/2"}],"replies":[{"embeddable":true,"href":"https:\/\/campuscastanhal.ufpa.br\/index.php?rest_route=%2Fwp%2Fv2%2Fcomments&post=869"}],"version-history":[{"count":6,"href":"https:\/\/campuscastanhal.ufpa.br\/index.php?rest_route=\/wp\/v2\/pages\/869\/revisions"}],"predecessor-version":[{"id":7228,"href":"https:\/\/campuscastanhal.ufpa.br\/index.php?rest_route=\/wp\/v2\/pages\/869\/revisions\/7228"}],"wp:attachment":[{"href":"https:\/\/campuscastanhal.ufpa.br\/index.php?rest_route=%2Fwp%2Fv2%2Fmedia&parent=869"}],"curies":[{"name":"wp","href":"https:\/\/api.w.org\/{rel}","templated":true}]}}