{"id":95,"date":"2017-07-18T02:19:25","date_gmt":"2017-07-18T05:19:25","guid":{"rendered":"http:\/\/127.0.0.1\/UFPA\/?page_id=95"},"modified":"2024-12-03T14:40:42","modified_gmt":"2024-12-03T17:40:42","slug":"instituto-de-medicina-veterinaria","status":"publish","type":"page","link":"https:\/\/campuscastanhal.ufpa.br\/?page_id=95","title":{"rendered":"Faculdade de Medicina Veterin\u00e1ria"},"content":{"rendered":"\n<p>Para informa\u00e7\u00f5es sobre a Faculdade de Medicina Veterin\u00e1ria, clique <a href=\"https:\/\/www.imv.ufpa.br\/faculdade-de-medicina-veterinaria-famev\" data-type=\"URL\" data-id=\"https:\/\/www.imv.ufpa.br\/faculdade-de-medicina-veterinaria-famev\" target=\"_blank\" rel=\"noreferrer noopener\"><strong>aqui<\/strong><\/a>.<\/p>\n","protected":false},"excerpt":{"rendered":"<p>Para informa\u00e7\u00f5es sobre a Faculdade de Medicina Veterin\u00e1ria, clique aqui.<\/p>\n","protected":false},"author":2,"featured_media":0,"parent":0,"menu_order":0,"comment_status":"closed","ping_status":"closed","template":"","meta":{"_exactmetrics_skip_tracking":false,"_exactmetrics_sitenote_active":false,"_exactmetrics_sitenote_note":"","_exactmetrics_sitenote_category":0},"_links":{"self":[{"href":"https:\/\/campuscastanhal.ufpa.br\/index.php?rest_route=\/wp\/v2\/pages\/95"}],"collection":[{"href":"https:\/\/campuscastanhal.ufpa.br\/index.php?rest_route=\/wp\/v2\/pages"}],"about":[{"href":"https:\/\/campuscastanhal.ufpa.br\/index.php?rest_route=\/wp\/v2\/types\/page"}],"author":[{"embeddable":true,"href":"https:\/\/campuscastanhal.ufpa.br\/index.php?rest_route=\/wp\/v2\/users\/2"}],"replies":[{"embeddable":true,"href":"https:\/\/campuscastanhal.ufpa.br\/index.php?rest_route=%2Fwp%2Fv2%2Fcomments&post=95"}],"version-history":[{"count":33,"href":"https:\/\/campuscastanhal.ufpa.br\/index.php?rest_route=\/wp\/v2\/pages\/95\/revisions"}],"predecessor-version":[{"id":7039,"href":"https:\/\/campuscastanhal.ufpa.br\/index.php?rest_route=\/wp\/v2\/pages\/95\/revisions\/7039"}],"wp:attachment":[{"href":"https:\/\/campuscastanhal.ufpa.br\/index.php?rest_route=%2Fwp%2Fv2%2Fmedia&parent=95"}],"curies":[{"name":"wp","href":"https:\/\/api.w.org\/{rel}","templated":true}]}}