{"id":96,"date":"2017-07-18T02:19:25","date_gmt":"2017-07-18T05:19:25","guid":{"rendered":"http:\/\/127.0.0.1\/UFPA\/?page_id=96"},"modified":"2017-08-03T15:46:46","modified_gmt":"2017-08-03T18:46:46","slug":"faculdades","status":"publish","type":"page","link":"https:\/\/campuscastanhal.ufpa.br\/?page_id=96","title":{"rendered":"Faculdades"},"content":{"rendered":"<p><a href=\"http:\/\/127.0.0.1\/UFPA\/educacao-fisica\/\" target=\"_blank\" rel=\"noopener\">Educa\u00e7\u00e3o F\u00edsica<\/a><br \/>\n<a href=\"http:\/\/127.0.0.1\/UFPA\/letras-lingua-portuguesa\/\" target=\"_blank\" rel=\"noopener\">Letras (L\u00edngua Portuguesa e L\u00edngua Espanhola)<\/a><br \/>\n<a href=\"http:\/\/127.0.0.1\/UFPA\/matematica\/\" target=\"_blank\" rel=\"noopener\">Matem\u00e1tica<\/a><br \/>\n<a href=\"http:\/\/127.0.0.1\/UFPA\/pedagogia\/\" target=\"_blank\" rel=\"noopener\">Pedagogia<\/a><br \/>\n<a href=\"http:\/\/127.0.0.1\/UFPA\/computacao-sistemas-de-informacao-engenharia-da-computacao\/\" target=\"_blank\" rel=\"noopener\">Computa\u00e7\u00e3o (Sistemas de Informa\u00e7\u00e3o e Engenharia da Computa\u00e7\u00e3o)<\/a><\/p>\n","protected":false},"excerpt":{"rendered":"<p>Educa\u00e7\u00e3o F\u00edsica Letras (L\u00edngua Portuguesa e L\u00edngua Espanhola) Matem\u00e1tica Pedagogia Computa\u00e7\u00e3o (Sistemas de Informa\u00e7\u00e3o e Engenharia da Computa\u00e7\u00e3o)<\/p>\n","protected":false},"author":2,"featured_media":0,"parent":0,"menu_order":0,"comment_status":"closed","ping_status":"closed","template":"","meta":{"_exactmetrics_skip_tracking":false,"_exactmetrics_sitenote_active":false,"_exactmetrics_sitenote_note":"","_exactmetrics_sitenote_category":0},"_links":{"self":[{"href":"https:\/\/campuscastanhal.ufpa.br\/index.php?rest_route=\/wp\/v2\/pages\/96"}],"collection":[{"href":"https:\/\/campuscastanhal.ufpa.br\/index.php?rest_route=\/wp\/v2\/pages"}],"about":[{"href":"https:\/\/campuscastanhal.ufpa.br\/index.php?rest_route=\/wp\/v2\/types\/page"}],"author":[{"embeddable":true,"href":"https:\/\/campuscastanhal.ufpa.br\/index.php?rest_route=\/wp\/v2\/users\/2"}],"replies":[{"embeddable":true,"href":"https:\/\/campuscastanhal.ufpa.br\/index.php?rest_route=%2Fwp%2Fv2%2Fcomments&post=96"}],"version-history":[{"count":9,"href":"https:\/\/campuscastanhal.ufpa.br\/index.php?rest_route=\/wp\/v2\/pages\/96\/revisions"}],"predecessor-version":[{"id":302,"href":"https:\/\/campuscastanhal.ufpa.br\/index.php?rest_route=\/wp\/v2\/pages\/96\/revisions\/302"}],"wp:attachment":[{"href":"https:\/\/campuscastanhal.ufpa.br\/index.php?rest_route=%2Fwp%2Fv2%2Fmedia&parent=96"}],"curies":[{"name":"wp","href":"https:\/\/api.w.org\/{rel}","templated":true}]}}